{"id":736,"date":"2018-01-31T16:52:04","date_gmt":"2018-01-31T18:52:04","guid":{"rendered":"http:\/\/abyx.online\/pages\/spexpo\/?page_id=736"},"modified":"2024-07-03T12:28:02","modified_gmt":"2024-07-03T15:28:02","slug":"gastronomia","status":"publish","type":"page","link":"https:\/\/www.saopauloexpo.com.br\/pt\/gastronomia\/","title":{"rendered":"Gastronomia"},"content":{"rendered":"<div class=\"wpb-content-wrapper\"><p>[vc_row css_animation=&#8221;&#8221; row_type=&#8221;row&#8221; use_row_as_full_screen_section=&#8221;no&#8221; type=&#8221;grid&#8221; angled_section=&#8221;no&#8221; text_align=&#8221;left&#8221; background_image_as_pattern=&#8221;without_pattern&#8221; background_image=&#8221;754&#8243; css=&#8221;.vc_custom_1517424716482{padding-top: 100px !important;padding-bottom: 100px !important;}&#8221; z_index=&#8221;&#8221;][vc_column width=&#8221;1\/6&#8243;][\/vc_column][vc_column width=&#8221;2\/3&#8243;][vc_column_text]<\/p>\n<h1 style=\"text-align: center;\"><span style=\"color: #ffffff;\"><strong>GASTRONOMIA<\/strong><\/span><\/h1>\n<p>[\/vc_column_text][vc_empty_space height=&#8221;12px&#8221;][vc_separator type=&#8221;normal&#8221; color=&#8221;#ffffff&#8221; el_class=&#8221;divisor-preto-curto&#8221;][vc_column_text el_class=&#8221;texto-topo-padrao&#8221;]<\/p>\n<p style=\"text-align: center;\"><span style=\"color: #ffffff;\">O S\u00e3o Paulo Expo tem uma grande variedade de pontos gastron\u00f4micos que atendem a todos os gostos e programa\u00e7\u00f5es. Aqui voc\u00ea encontra desde uma pra\u00e7a de alimenta\u00e7\u00e3o com diversas op\u00e7\u00f5es at\u00e9 locais mais formais e espa\u00e7os para Happy Hour.<\/span><\/p>\n<p>[\/vc_column_text][\/vc_column][vc_column width=&#8221;1\/6&#8243;][\/vc_column][\/vc_row][vc_row css_animation=&#8221;&#8221; row_type=&#8221;row&#8221; use_row_as_full_screen_section=&#8221;no&#8221; type=&#8221;full_width&#8221; angled_section=&#8221;no&#8221; text_align=&#8221;left&#8221; background_image_as_pattern=&#8221;without_pattern&#8221;][vc_column][vc_empty_space height=&#8221;100px&#8221;][\/vc_column][\/vc_row][vc_row css_animation=&#8221;&#8221; row_type=&#8221;row&#8221; use_row_as_full_screen_section=&#8221;no&#8221; type=&#8221;grid&#8221; angled_section=&#8221;no&#8221; text_align=&#8221;left&#8221; background_image_as_pattern=&#8221;without_pattern&#8221; z_index=&#8221;&#8221; el_class=&#8221;gastronomia-itens&#8221;][vc_column width=&#8221;1\/2&#8243;][qode_elements_holder number_of_columns=&#8221;two_columns&#8221;][qode_elements_holder_item advanced_animations=&#8221;no&#8221;][vc_single_image image=&#8221;742&#8243; img_size=&#8221;full&#8221; qode_css_animation=&#8221;&#8221;][\/qode_elements_holder_item][qode_elements_holder_item vertical_alignment=&#8221;top&#8221; advanced_animations=&#8221;no&#8221; background_color=&#8221;#ffffff&#8221; item_padding=&#8221;50px 40px 15px 40px&#8221; custom_class=&#8221;gastronomia-desc&#8221;][vc_column_text css=&#8221;.vc_custom_1517423363871{margin-bottom: 10px !important;}&#8221;]<\/p>\n<h4 style=\"text-align: left;\"><strong>RESTAURANTE ANEXO<\/strong><\/h4>\n<p>[\/vc_column_text][vc_separator type=&#8221;normal&#8221; color=&#8221;#000000&#8243; el_class=&#8221;divisor-preto-curto divisor-direita&#8221;][vc_column_text]Um espa\u00e7o aconchegante que pode ser adaptado de acordo com a finalidade dos eventos e confraterniza\u00e7\u00f5es. O restaurante \u00e9 operado pelo nosso parceiro Eldourado:<\/p>\n<p><strong><u><a href=\"http:\/\/www.grupoeld.com.br\" target=\"_blank\" rel=\"noopener\">www.grupoeld.com.br<\/a><\/u><\/strong>[\/vc_column_text][vc_empty_space height=&#8221;12px&#8221;]<div class='q_icon_with_title tiny normal_icon left_from_title '><div class=\"icon_text_holder\" style=\"\"><div class=\"icon_text_inner\" style=\"\"><div class=\"icon_title_holder\"><div class=\"icon_holder \" style=\" \"><span data-icon-type=\"normal\" class=\"qode_iwt_icon_holder q_font_awsome_icon fa-lg  \"><i class=\"qode_icon_font_awesome fa fa-clock-o qode_iwt_icon_element\" style=\"color: #333333\"><\/i><\/span><\/div><h5 class=\"icon_title\" style=\"color: #333333;\">Os hor\u00e1rios de funcionamento variam de acordo com a grade de eventos.<\/h5><\/div><p style=''><\/p><\/div><\/div><\/div>[\/qode_elements_holder_item][\/qode_elements_holder][vc_empty_space][\/vc_column][vc_column width=&#8221;1\/2&#8243;][qode_elements_holder number_of_columns=&#8221;two_columns&#8221;][qode_elements_holder_item advanced_animations=&#8221;no&#8221;][vc_single_image image=&#8221;7230&#8243; img_size=&#8221;full&#8221; qode_css_animation=&#8221;&#8221;][\/qode_elements_holder_item][qode_elements_holder_item vertical_alignment=&#8221;top&#8221; advanced_animations=&#8221;no&#8221; background_color=&#8221;#ffffff&#8221; item_padding=&#8221;50px 40px 15px 40px&#8221; custom_class=&#8221;gastronomia-desc&#8221;][vc_column_text css=&#8221;.vc_custom_1712153287665{margin-bottom: 10px !important;}&#8221;]<\/p>\n<h4 style=\"text-align: left;\"><strong>CAF\u00c9 BAUDUCCO<\/strong><\/h4>\n<p>[\/vc_column_text][vc_separator type=&#8221;normal&#8221; color=&#8221;#000000&#8243; el_class=&#8221;divisor-preto-curto divisor-direita&#8221;][vc_column_text]Um espa\u00e7o agrad\u00e1vel para uma pausa e um caf\u00e9. Sucos, ch\u00e1s, bebidas quentes e salgados. [\/vc_column_text][vc_empty_space height=&#8221;12px&#8221;]<div class='q_icon_with_title tiny normal_icon left_from_title '><div class=\"icon_text_holder\" style=\"\"><div class=\"icon_text_inner\" style=\"\"><div class=\"icon_title_holder\"><div class=\"icon_holder \" style=\" \"><span data-icon-type=\"normal\" class=\"qode_iwt_icon_holder q_font_awsome_icon fa-lg  \"><i class=\"qode_icon_font_awesome fa fa-clock-o qode_iwt_icon_element\" style=\"color: #333333\"><\/i><\/span><\/div><h5 class=\"icon_title\" style=\"color: #333333;\">Os hor\u00e1rios de funcionamento variam de acordo com a grade de eventos.<\/h5><\/div><p style=''><\/p><\/div><\/div><\/div>[\/qode_elements_holder_item][\/qode_elements_holder][vc_empty_space][\/vc_column][\/vc_row][vc_row css_animation=&#8221;&#8221; row_type=&#8221;row&#8221; use_row_as_full_screen_section=&#8221;no&#8221; type=&#8221;grid&#8221; angled_section=&#8221;no&#8221; text_align=&#8221;left&#8221; background_image_as_pattern=&#8221;without_pattern&#8221; z_index=&#8221;&#8221; el_class=&#8221;gastronomia-itens&#8221;][vc_column width=&#8221;1\/2&#8243;][qode_elements_holder number_of_columns=&#8221;two_columns&#8221;][qode_elements_holder_item advanced_animations=&#8221;no&#8221;][vc_single_image image=&#8221;748&#8243; img_size=&#8221;full&#8221; css=&#8221;&#8221; qode_css_animation=&#8221;&#8221;][\/qode_elements_holder_item][qode_elements_holder_item vertical_alignment=&#8221;top&#8221; advanced_animations=&#8221;no&#8221; background_color=&#8221;#ffffff&#8221; item_padding=&#8221;50px 40px 15px 40px&#8221; custom_class=&#8221;gastronomia-desc&#8221;][vc_column_text css=&#8221;.vc_custom_1517424415877{margin-bottom: 10px !important;}&#8221;]<\/p>\n<h4 style=\"text-align: left;\"><strong>PRA\u00c7A DE ALIMENTA\u00c7\u00c3O<\/strong><\/h4>\n<p>[\/vc_column_text][vc_separator type=&#8221;normal&#8221; color=&#8221;#000000&#8243; el_class=&#8221;divisor-preto-curto divisor-direita&#8221;][vc_column_text]Na Pra\u00e7a de Alimenta\u00e7\u00e3o, a boa comida se encontra com uma ampla variedade de op\u00e7\u00f5es, proporcionando uma experi\u00eancia gastron\u00f4mica \u00fanica para cada visitante.<br \/>\n[\/vc_column_text][vc_empty_space height=&#8221;12px&#8221;]<div class='q_icon_with_title tiny normal_icon left_from_title '><div class=\"icon_text_holder\" style=\"\"><div class=\"icon_text_inner\" style=\"\"><div class=\"icon_title_holder\"><div class=\"icon_holder \" style=\" \"><span data-icon-type=\"normal\" class=\"qode_iwt_icon_holder q_font_awsome_icon fa-lg  \"><i class=\"qode_icon_font_awesome fa fa-clock-o qode_iwt_icon_element\" style=\"color: #333333\"><\/i><\/span><\/div><h5 class=\"icon_title\" style=\"color: #333333;\">O funcionamento e os hor\u00e1rios variam de acordo com a grade de eventos.<\/h5><\/div><p style=''><\/p><\/div><\/div><\/div>[\/qode_elements_holder_item][\/qode_elements_holder][vc_empty_space][\/vc_column][vc_column width=&#8221;1\/2&#8243;][qode_elements_holder number_of_columns=&#8221;two_columns&#8221;][qode_elements_holder_item advanced_animations=&#8221;no&#8221;][vc_single_image image=&#8221;7231&#8243; img_size=&#8221;full&#8221; css=&#8221;&#8221; qode_css_animation=&#8221;&#8221;][\/qode_elements_holder_item][qode_elements_holder_item vertical_alignment=&#8221;top&#8221; advanced_animations=&#8221;no&#8221; background_color=&#8221;#ffffff&#8221; item_padding=&#8221;50px 40px 15px 40px&#8221; custom_class=&#8221;gastronomia-desc&#8221;][vc_column_text css=&#8221;.vc_custom_1712161312765{margin-bottom: 10px !important;}&#8221;]<\/p>\n<h4 style=\"text-align: left;\"><strong>RESTAURANTES E LOJAS<\/strong><\/h4>\n<p>[\/vc_column_text][vc_separator type=&#8221;normal&#8221; color=&#8221;#000000&#8243; el_class=&#8221;divisor-preto-curto divisor-direita&#8221;][vc_column_text]Card\u00e1pios variados que agradam diferentes paladares.<\/p>\n<p>&gt; Rei do Mate<br \/>\n&gt; Boali<br \/>\n&gt; Spoleto<br \/>\n&gt; Johnny Rockets<br \/>\n&gt; Anexo Show<\/p>\n<p>E muito mais\u2026[\/vc_column_text][vc_empty_space height=&#8221;12px&#8221;]<div class='q_icon_with_title tiny normal_icon left_from_title '><div class=\"icon_text_holder\" style=\"\"><div class=\"icon_text_inner\" style=\"\"><div class=\"icon_title_holder\"><div class=\"icon_holder \" style=\" \"><span data-icon-type=\"normal\" class=\"qode_iwt_icon_holder q_font_awsome_icon fa-lg  \"><i class=\"qode_icon_font_awesome fa fa-clock-o qode_iwt_icon_element\" style=\"color: #333333\"><\/i><\/span><\/div><h5 class=\"icon_title\" style=\"color: #333333;\">O funcionamento e os hor\u00e1rios variam de acordo com a grade de eventos.<\/h5><\/div><p style=''><\/p><\/div><\/div><\/div>[\/qode_elements_holder_item][\/qode_elements_holder][\/vc_column][\/vc_row][vc_row css_animation=&#8221;&#8221; row_type=&#8221;row&#8221; use_row_as_full_screen_section=&#8221;no&#8221; type=&#8221;full_width&#8221; angled_section=&#8221;no&#8221; text_align=&#8221;left&#8221; background_image_as_pattern=&#8221;without_pattern&#8221;][vc_column][vc_empty_space height=&#8221;102px&#8221;][\/vc_column][\/vc_row]<\/p>\n<\/div>","protected":false},"excerpt":{"rendered":"<p>[vc_row css_animation=&#8221;&#8221; row_type=&#8221;row&#8221; use_row_as_full_screen_section=&#8221;no&#8221; type=&#8221;grid&#8221; angled_section=&#8221;no&#8221; text_align=&#8221;left&#8221; background_image_as_pattern=&#8221;without_pattern&#8221; background_image=&#8221;754&#8243; css=&#8221;.vc_custom_1517424716482{padding-top: 100px !important;padding-bottom: 100px !important;}&#8221; z_index=&#8221;&#8221;][vc_column width=&#8221;1\/6&#8243;][\/vc_column][vc_column width=&#8221;2\/3&#8243;][vc_column_text] GASTRONOMIA [\/vc_column_text][vc_empty_space height=&#8221;12px&#8221;][vc_separator type=&#8221;normal&#8221; color=&#8221;#ffffff&#8221; el_class=&#8221;divisor-preto-curto&#8221;][vc_column_text el_class=&#8221;texto-topo-padrao&#8221;] O S\u00e3o Paulo Expo tem uma grande variedade de pontos gastron\u00f4micos que atendem a todos os gostos e programa\u00e7\u00f5es. Aqui voc\u00ea&#8230;<\/p>\n","protected":false},"author":1,"featured_media":0,"parent":0,"menu_order":0,"comment_status":"closed","ping_status":"closed","template":"full_width.php","meta":{"footnotes":""},"class_list":["post-736","page","type-page","status-publish","hentry"],"_links":{"self":[{"href":"https:\/\/www.saopauloexpo.com.br\/pt\/wp-json\/wp\/v2\/pages\/736","targetHints":{"allow":["GET"]}}],"collection":[{"href":"https:\/\/www.saopauloexpo.com.br\/pt\/wp-json\/wp\/v2\/pages"}],"about":[{"href":"https:\/\/www.saopauloexpo.com.br\/pt\/wp-json\/wp\/v2\/types\/page"}],"author":[{"embeddable":true,"href":"https:\/\/www.saopauloexpo.com.br\/pt\/wp-json\/wp\/v2\/users\/1"}],"replies":[{"embeddable":true,"href":"https:\/\/www.saopauloexpo.com.br\/pt\/wp-json\/wp\/v2\/comments?post=736"}],"version-history":[{"count":12,"href":"https:\/\/www.saopauloexpo.com.br\/pt\/wp-json\/wp\/v2\/pages\/736\/revisions"}],"predecessor-version":[{"id":7769,"href":"https:\/\/www.saopauloexpo.com.br\/pt\/wp-json\/wp\/v2\/pages\/736\/revisions\/7769"}],"wp:attachment":[{"href":"https:\/\/www.saopauloexpo.com.br\/pt\/wp-json\/wp\/v2\/media?parent=736"}],"curies":[{"name":"wp","href":"https:\/\/api.w.org\/{rel}","templated":true}]}}