{"id":7271,"date":"2024-04-18T14:14:04","date_gmt":"2024-04-18T17:14:04","guid":{"rendered":"https:\/\/www.saopauloexpo.com.br\/pt\/?page_id=7271"},"modified":"2024-04-26T18:55:06","modified_gmt":"2024-04-26T21:55:06","slug":"politicas-de-esg-csr","status":"publish","type":"page","link":"https:\/\/www.saopauloexpo.com.br\/pt\/politicas-de-esg-csr\/","title":{"rendered":"Pol\u00edticas de ESG\/CSR"},"content":{"rendered":"<div class=\"wpb-content-wrapper\"><p>[vc_row css_animation=&#8221;&#8221; row_type=&#8221;row&#8221; use_row_as_full_screen_section=&#8221;no&#8221; type=&#8221;full_width&#8221; angled_section=&#8221;no&#8221; text_align=&#8221;left&#8221; background_image_as_pattern=&#8221;without_pattern&#8221; z_index=&#8221;&#8221;][vc_column][vc_single_image image=&#8221;7282&#8243; img_size=&#8221;full&#8221; alignment=&#8221;center&#8221; qode_css_animation=&#8221;&#8221; el_class=&#8221;banner-topo&#8221;][\/vc_column][\/vc_row][vc_row css_animation=&#8221;&#8221; row_type=&#8221;row&#8221; use_row_as_full_screen_section=&#8221;no&#8221; type=&#8221;grid&#8221; angled_section=&#8221;no&#8221; text_align=&#8221;left&#8221; background_image_as_pattern=&#8221;without_pattern&#8221; z_index=&#8221;&#8221;][vc_column][vc_empty_space height=&#8221;50px&#8221;][vc_column_text el_class=&#8221;subtitle&#8221;]<\/p>\n<h1 style=\"text-align: center;\">POL\u00cdTICAS DE ESG\/CSR<\/h1>\n<p>[\/vc_column_text][vc_column_text]A GL events lan\u00e7ou um plano de tr\u00eas anos para medir e reduzir sua pegada de carbono em todo o Grupo. Este plano abrange a implementa\u00e7\u00e3o de cerca de 100 hectares de pain\u00e9is fotovoltaicos nas unidades do Grupo. Esta estrat\u00e9gia tamb\u00e9m envolve a redu\u00e7\u00e3o da emiss\u00e3o de res\u00edduos como parte de uma economia circular que seja mais virtuosa poss\u00edvel: incentivando a rota\u00e7\u00e3o de ativos e reaproveitando estruturas e materiais. Foi definido um objetivo de reduzir os consum\u00edveis em de 25%, incluindo embalagens, carpetes, res\u00edduos alimentares, tudo isso combinado com iniciativas de reciclagem com parceiros em todos os diferentes setores de neg\u00f3cio. Obviamente as pessoas continuam sendo o centro de todas as atividades e a\u00e7\u00f5es, em diferentes territ\u00f3rios juntamente com os nossos parceiros, realizando compras respons\u00e1veis, contribuindo com a economia social e solid\u00e1ria e com os programas de integra\u00e7\u00e3o, com todos os nossos colaboradores e principais gestores.[\/vc_column_text][vc_empty_space height=&#8221;20px&#8221;][vc_column_text el_class=&#8221;subtitle&#8221;]<\/p>\n<h3><strong>MEIO AMBIENTE<\/strong><\/h3>\n<p><strong>PRINCIPAIS EVENTOS 2023 \u2013 N\u00cdVEL GLOBAL<\/strong><br \/>\n&#8211; Implementa\u00e7\u00e3o dos objetivos do Grupo propondo uma redu\u00e7\u00e3o de 25% no consumo de energia, uma redu\u00e7\u00e3o de 25% nos consum\u00edveis e a inclus\u00e3o de 100 Hectares de pain\u00e9is fotovoltaicos;<br \/>\n&#8211; Um ambicioso plano de efici\u00eancia energ\u00e9tica apoiado por investimentos locais (l\u00e2mpadas de LED, etc);<br \/>\n&#8211; Uma auditoria de carbono realizada pela empresa Ecoact revelou uma queda de 22% nas emiss\u00f5es em compara\u00e7\u00e3o com o relat\u00f3rio de auditoria publicado em 2019;<br \/>\n&#8211; Auditorias de desempenho energ\u00e9tico, seguran\u00e7a e\/ou gerenciamento de res\u00edduos;<br \/>\n&#8211; Implementa\u00e7\u00e3o do \u201cCompromisso de Carbono Neutro para a Ind\u00fastria de Eventos\u201d, assinado no final de 2021;<br \/>\n&#8211; 54% de eletricidade renov\u00e1vel (47% para a Exhibitions, 67% para a Live, 51% para as Venues).[\/vc_column_text][vc_empty_space height=&#8221;20px&#8221;][vc_column_text el_class=&#8221;subtitle&#8221;]<\/p>\n<h3><strong>SOCIAL<\/strong><\/h3>\n<p><strong>PRINCIPAIS EVENTOS 2023 \u2013 N\u00cdVEL GLOBAL<\/strong><br \/>\n&#8211; Cria\u00e7\u00e3o significativa de empregos locais;<br \/>\n&#8211; Aumento de 50% de treinamentos em rela\u00e7\u00e3o a 2020;<br \/>\n&#8211; Inclus\u00e3o dos crit\u00e9rios ESG nos objetivos das alta e m\u00e9dia gest\u00f5es, adaptados \u00e0s linhas de neg\u00f3cios;<br \/>\n&#8211; Integra\u00e7\u00e3o bem-sucedida da promo\u00e7\u00e3o Eureka, um programa de treinamentos para a forma\u00e7\u00e3o de equipes;<br \/>\n&#8211; Fortalecimento dos v\u00ednculos com agentes da Economia Social e Solid\u00e1ria e organiza\u00e7\u00f5es ecol\u00f3gicas;<br \/>\n&#8211; Treinamentos de \u00e9tica para colaboradores e cargos de gest\u00e3o (Leis anticorrup\u00e7\u00e3o e preven\u00e7\u00e3o de ass\u00e9dio);<br \/>\n&#8211; Filantropia: intensifica\u00e7\u00e3o das iniciativas de solidariedade com a funda\u00e7\u00e3o Polygone e o lan\u00e7amento da Funda\u00e7\u00e3o para a Cozinha Sustent\u00e1vel, de Olivier Ginon.[\/vc_column_text][vc_empty_space height=&#8221;20px&#8221;][vc_column_text el_class=&#8221;subtitle&#8221;]<\/p>\n<h3><strong>GOVERNAN\u00c7A<\/strong><\/h3>\n<p><strong>PRINCIPAIS EVENTOS 2023 \u2013 N\u00cdVEL GLOBAL<\/strong><br \/>\n&#8211; Nomea\u00e7\u00e3o de uma diretora de Risco e CSR do Grupo para o Comit\u00ea Executivo;<br \/>\n&#8211; Cria\u00e7\u00e3o do mapa de risco de CSR do Grupo;<br \/>\n&#8211; Implementa\u00e7\u00e3o de uma forte rede de coordenadores e embaixadores de CSR nas diferentes unidades;<br \/>\n&#8211; Primeira emiss\u00e3o de b\u00f4nus vinculada \u00e0 sustentabilidade;<br \/>\n&#8211; Cria\u00e7\u00e3o de um comit\u00ea anual das partes envolvidas.[\/vc_column_text][vc_empty_space height=&#8221;20px&#8221;][vc_column_text el_class=&#8221;subtitle&#8221;]<\/p>\n<h3><strong>DESTAQUES<\/strong><\/h3>\n<p><strong>2021:<\/strong><br \/>\n&#8211; 161\/371 na classifica\u00e7\u00e3o nacional de GAIA;<br \/>\n&#8211; GL events Brasil foi certificada pelo Great Place to Work pelo 3\u00ba ano consecutivo;<\/p>\n<p><strong>2022:<\/strong><br \/>\n&#8211; 38 subsidi\u00e1rias do Grupo receberam a certifica\u00e7\u00e3o ISO 20121, incluindo quase todos os locais de eventos na Fran\u00e7a e algumas de suas subsidi\u00e1rias , confirmando que est\u00e3o realizando uma boa gest\u00e3o de seu impacto social, econ\u00f4mico e ambiental;<br \/>\n&#8211; 4 subsidi\u00e1rias receberam a certifica\u00e7\u00e3o ISO 14001, a norma de gest\u00e3o ambiental;<br \/>\n&#8211; 5 subsidi\u00e1rias foram certificadas com a ISO 9001, a norma de gest\u00e3o de qualidade;<br \/>\n&#8211; 1 subsidi\u00e1ria foi certificada com a ISO 45001, um sistema de gerenciamento de sa\u00fade e seguran\u00e7a ocupacional;<br \/>\n&#8211; As instala\u00e7\u00f5es e atividades do Grupo s\u00e3o certificadas na Fran\u00e7a e no exterior (exceto a China) pelo selo \u201cSafe &amp; Clean\u201d, uma garantia da efici\u00eancia e seguran\u00e7a relacionadas as instala\u00e7\u00f5es sanit\u00e1rias;<br \/>\n&#8211; GL events Brasil foi certificada pelo Great Place to Work pelo 4\u00ba ano consecutivo;<br \/>\n&#8211; GL events Chile conquistou o Trof\u00e9u do desenvolvimento sustent\u00e1vel de 2022.<br \/>\n&#8211;\u00a0Diversas Venues da GL events Brasil receberam o selo internacional I-REC.<\/p>\n<p><strong>2023:<\/strong><br \/>\n&#8211; Audrey Chavancy, Diretora de risco e CSR do Grupo GL events, venceu o Pr\u00eamio HUB35 de Sustentabilidade;<br \/>\n&#8211; A GL events ficou em primeiro lugar na categoria \u201cservi\u00e7os profissionais\u201d na classifica\u00e7\u00e3o da \u201cLes Echos \/ Statista 2023 Innovation Leaders\u201d, obtendo uma excelente pontua\u00e7\u00e3o em termos de processos de CSR;<br \/>\n&#8211; Os \u201cPrintemps des Sports Equestres\u201d, recebeu o selo \u201cEquuRES EVENT\u201d em reconhecimento ao seu compromisso com o meio ambiente e bem-estar dos cavalos;<br \/>\n&#8211; GL events Brasil foi certificada pelo Great Place to Work pelo 5\u00ba ano consecutivo;<br \/>\n&#8211; Diversas Venues da GL events Brasil receberam o selo internacional I-REC;<br \/>\n&#8211; GL events Exhibitions Brasil neutralizou 100% das emiss\u00f5es diretas de gases efeito estufa do evento \u201cBienal do Livro 2023\u201d.<\/p>\n<p><strong>2024:<\/strong><br \/>\n&#8211; GL events Brasil foi certificada pelo Great Place to Work pelo 6\u00ba ano consecutivo;<br \/>\n&#8211; Diversas Venues da GL events Brasil receberam o selo internacional I-REC;<br \/>\n&#8211; Foi criado um Comit\u00ea Interno de ESG por membros da GL events Brasil;<br \/>\n&#8211; Parceria com a obra social Rio Inclui nas opera\u00e7\u00f5es dos eventos da Farmasi Arena, com intuito de prestar assist\u00eancia \u00e0s pessoas com defici\u00eancia, em situa\u00e7\u00e3o de vulnerabilidade na cidade do Rio de Janeiro.[\/vc_column_text][vc_empty_space height=&#8221;20px&#8221;][vc_single_image image=&#8221;7279&#8243; img_size=&#8221;180&#215;180&#8243; alignment=&#8221;center&#8221; qode_css_animation=&#8221;&#8221; el_class=&#8221;thinkgreen&#8221;][vc_empty_space height=&#8221;60px&#8221;][\/vc_column][\/vc_row]<\/p>\n<\/div>","protected":false},"excerpt":{"rendered":"<p>[vc_row css_animation=&#8221;&#8221; row_type=&#8221;row&#8221; use_row_as_full_screen_section=&#8221;no&#8221; type=&#8221;full_width&#8221; angled_section=&#8221;no&#8221; text_align=&#8221;left&#8221; background_image_as_pattern=&#8221;without_pattern&#8221; z_index=&#8221;&#8221;][vc_column][vc_single_image image=&#8221;7282&#8243; img_size=&#8221;full&#8221; alignment=&#8221;center&#8221; qode_css_animation=&#8221;&#8221; el_class=&#8221;banner-topo&#8221;][\/vc_column][\/vc_row][vc_row css_animation=&#8221;&#8221; row_type=&#8221;row&#8221; use_row_as_full_screen_section=&#8221;no&#8221; type=&#8221;grid&#8221; angled_section=&#8221;no&#8221; text_align=&#8221;left&#8221; background_image_as_pattern=&#8221;without_pattern&#8221; z_index=&#8221;&#8221;][vc_column][vc_empty_space height=&#8221;50px&#8221;][vc_column_text el_class=&#8221;subtitle&#8221;] POL\u00cdTICAS DE ESG\/CSR [\/vc_column_text][vc_column_text]A GL events lan\u00e7ou um plano de tr\u00eas anos para medir e reduzir sua pegada de carbono em&#8230;<\/p>\n","protected":false},"author":1,"featured_media":0,"parent":0,"menu_order":0,"comment_status":"closed","ping_status":"closed","template":"full_width.php","meta":{"footnotes":""},"class_list":["post-7271","page","type-page","status-publish","hentry"],"_links":{"self":[{"href":"https:\/\/www.saopauloexpo.com.br\/pt\/wp-json\/wp\/v2\/pages\/7271","targetHints":{"allow":["GET"]}}],"collection":[{"href":"https:\/\/www.saopauloexpo.com.br\/pt\/wp-json\/wp\/v2\/pages"}],"about":[{"href":"https:\/\/www.saopauloexpo.com.br\/pt\/wp-json\/wp\/v2\/types\/page"}],"author":[{"embeddable":true,"href":"https:\/\/www.saopauloexpo.com.br\/pt\/wp-json\/wp\/v2\/users\/1"}],"replies":[{"embeddable":true,"href":"https:\/\/www.saopauloexpo.com.br\/pt\/wp-json\/wp\/v2\/comments?post=7271"}],"version-history":[{"count":17,"href":"https:\/\/www.saopauloexpo.com.br\/pt\/wp-json\/wp\/v2\/pages\/7271\/revisions"}],"predecessor-version":[{"id":7553,"href":"https:\/\/www.saopauloexpo.com.br\/pt\/wp-json\/wp\/v2\/pages\/7271\/revisions\/7553"}],"wp:attachment":[{"href":"https:\/\/www.saopauloexpo.com.br\/pt\/wp-json\/wp\/v2\/media?parent=7271"}],"curies":[{"name":"wp","href":"https:\/\/api.w.org\/{rel}","templated":true}]}}