{"id":512,"date":"2018-01-31T12:48:14","date_gmt":"2018-01-31T14:48:14","guid":{"rendered":"http:\/\/abyx.online\/pages\/spexpo\/?page_id=512"},"modified":"2025-03-11T21:27:49","modified_gmt":"2025-03-12T00:27:49","slug":"alimentos-bebidas-expositor","status":"publish","type":"page","link":"https:\/\/www.saopauloexpo.com.br\/pt\/alimentos-bebidas-expositor\/","title":{"rendered":"Alimentos &#038; Bebidas &#8211; Expositor"},"content":{"rendered":"<div class=\"wpb-content-wrapper\"><p>[vc_row css_animation=&#8221;&#8221; row_type=&#8221;row&#8221; use_row_as_full_screen_section=&#8221;no&#8221; type=&#8221;grid&#8221; angled_section=&#8221;no&#8221; text_align=&#8221;left&#8221; background_image_as_pattern=&#8221;without_pattern&#8221; background_image=&#8221;513&#8243; css=&#8221;.vc_custom_1517407990977{padding-top: 100px !important;padding-bottom: 100px !important;}&#8221; z_index=&#8221;&#8221;][vc_column width=&#8221;1\/6&#8243;][\/vc_column][vc_column width=&#8221;2\/3&#8243;][vc_column_text]<\/p>\n<h1 style=\"text-align: center;\"><span style=\"color: #ffffff;\"><strong>ALIMENTOS &amp; BEBIDAS<\/strong><\/span><\/h1>\n<p>[\/vc_column_text][vc_empty_space height=&#8221;12px&#8221;][vc_separator type=&#8221;normal&#8221; color=&#8221;#ffffff&#8221; el_class=&#8221;divisor-preto-curto&#8221;][vc_column_text el_class=&#8221;texto-topo-padrao&#8221;]<\/p>\n<p style=\"text-align: center;\"><span style=\"color: #ffffff;\">O S\u00e3o Paulo Expo oferece uma ampla variedade de solu\u00e7\u00f5es em A&amp;B, atrav\u00e9s de parceiros comerciais, que fornecem servi\u00e7os com excel\u00eancia e produtos de qualidade. Espa\u00e7os e servi\u00e7os completos que proporcionam in\u00fameras possibilidades para criar um evento memor\u00e1vel.<\/span><\/p>\n<p>[\/vc_column_text][\/vc_column][vc_column width=&#8221;1\/6&#8243;][\/vc_column][\/vc_row][vc_row css_animation=&#8221;&#8221; row_type=&#8221;row&#8221; use_row_as_full_screen_section=&#8221;no&#8221; type=&#8221;full_width&#8221; angled_section=&#8221;no&#8221; text_align=&#8221;left&#8221; background_image_as_pattern=&#8221;without_pattern&#8221;][vc_column][vc_empty_space height=&#8221;50px&#8221;][\/vc_column][\/vc_row][vc_row css_animation=&#8221;&#8221; row_type=&#8221;row&#8221; use_row_as_full_screen_section=&#8221;no&#8221; type=&#8221;grid&#8221; angled_section=&#8221;no&#8221; text_align=&#8221;left&#8221; background_image_as_pattern=&#8221;without_pattern&#8221; z_index=&#8221;&#8221; el_class=&#8221;imprensa-itens&#8221;][vc_column width=&#8221;1\/2&#8243;][qode_elements_holder number_of_columns=&#8221;two_columns&#8221;][qode_elements_holder_item advanced_animations=&#8221;no&#8221;][vc_single_image image=&#8221;514&#8243; img_size=&#8221;full&#8221; qode_css_animation=&#8221;&#8221;][\/qode_elements_holder_item][qode_elements_holder_item vertical_alignment=&#8221;top&#8221; advanced_animations=&#8221;no&#8221; background_color=&#8221;#ffffff&#8221; item_padding=&#8221;30px 40px 15px 30px&#8221;][vc_column_text css=&#8221;.vc_custom_1517408031477{margin-bottom: 10px !important;}&#8221;]<\/p>\n<h4 style=\"text-align: left;\"><strong>COFFEE BREAKS<\/strong><\/h4>\n<p>[\/vc_column_text][vc_separator type=&#8221;normal&#8221; color=&#8221;#000000&#8243; el_class=&#8221;divisor-preto-curto divisor-direita&#8221;][vc_column_text]Para iniciar os eventos de forma agrad\u00e1vel, os coffee breaks s\u00e3o adaptados de acordo com a necessidade de cada cliente, proporcionando desde card\u00e1pios econ\u00f4micos at\u00e9 op\u00e7\u00f5es inovadoras e criativas. [\/vc_column_text][\/qode_elements_holder_item][\/qode_elements_holder][vc_empty_space][\/vc_column][vc_column width=&#8221;1\/2&#8243;][qode_elements_holder number_of_columns=&#8221;two_columns&#8221;][qode_elements_holder_item advanced_animations=&#8221;no&#8221;][vc_single_image image=&#8221;515&#8243; img_size=&#8221;full&#8221; qode_css_animation=&#8221;&#8221;][\/qode_elements_holder_item][qode_elements_holder_item vertical_alignment=&#8221;top&#8221; advanced_animations=&#8221;no&#8221; background_color=&#8221;#ffffff&#8221; item_padding=&#8221;30px 40px 15px 30px&#8221;][vc_column_text css=&#8221;.vc_custom_1517408041163{margin-bottom: 10px !important;}&#8221;]<\/p>\n<h4 style=\"text-align: left;\"><strong>COQUET\u00c9IS<\/strong><\/h4>\n<p>[\/vc_column_text][vc_separator type=&#8221;normal&#8221; color=&#8221;#000000&#8243; el_class=&#8221;divisor-preto-curto divisor-direita&#8221;][vc_column_text]Diversas configura\u00e7\u00f5es de coquet\u00e9is que oferecem desde canap\u00e9s e salgados at\u00e9 Open Bar, proporcionando uma experi\u00eancia \u00fanica para os seus convidados. [\/vc_column_text][\/qode_elements_holder_item][\/qode_elements_holder][vc_empty_space][\/vc_column][\/vc_row][vc_row css_animation=&#8221;&#8221; row_type=&#8221;row&#8221; use_row_as_full_screen_section=&#8221;no&#8221; type=&#8221;grid&#8221; angled_section=&#8221;no&#8221; text_align=&#8221;left&#8221; background_image_as_pattern=&#8221;without_pattern&#8221; z_index=&#8221;&#8221; el_class=&#8221;imprensa-itens&#8221;][vc_column width=&#8221;1\/2&#8243;][qode_elements_holder number_of_columns=&#8221;two_columns&#8221;][qode_elements_holder_item advanced_animations=&#8221;no&#8221;][vc_single_image image=&#8221;517&#8243; img_size=&#8221;full&#8221; qode_css_animation=&#8221;&#8221;][\/qode_elements_holder_item][qode_elements_holder_item vertical_alignment=&#8221;top&#8221; advanced_animations=&#8221;no&#8221; background_color=&#8221;#ffffff&#8221; item_padding=&#8221;30px 40px 15px 30px&#8221;][vc_column_text css=&#8221;.vc_custom_1741738582993{margin-bottom: 10px !important;}&#8221;]<\/p>\n<h4 style=\"text-align: left;\"><strong>ALMO\u00c7OS E JANTARES<\/strong><\/h4>\n<p>[\/vc_column_text][vc_separator type=&#8221;normal&#8221; color=&#8221;#000000&#8243; el_class=&#8221;divisor-preto-curto divisor-direita&#8221;][vc_column_text css=&#8221;&#8221;]Menus personalizados para almo\u00e7os e jantares que criam um ambiente confort\u00e1vel e tranquilo para receber os convidados.[\/vc_column_text][\/qode_elements_holder_item][\/qode_elements_holder][vc_empty_space][\/vc_column][vc_column width=&#8221;1\/2&#8243;][qode_elements_holder number_of_columns=&#8221;two_columns&#8221;][qode_elements_holder_item advanced_animations=&#8221;no&#8221;][vc_single_image image=&#8221;518&#8243; img_size=&#8221;full&#8221; qode_css_animation=&#8221;&#8221;][\/qode_elements_holder_item][qode_elements_holder_item vertical_alignment=&#8221;top&#8221; advanced_animations=&#8221;no&#8221; background_color=&#8221;#ffffff&#8221; item_padding=&#8221;15px 30px 15px 30px&#8221;][vc_column_text css=&#8221;.vc_custom_1517408176178{margin-bottom: 10px !important;}&#8221;]<\/p>\n<h4 style=\"text-align: left;\"><strong>CATERING<\/strong><\/h4>\n<p>[\/vc_column_text][vc_separator type=&#8221;normal&#8221; color=&#8221;#000000&#8243; el_class=&#8221;divisor-preto-curto divisor-direita&#8221;][vc_column_text css=&#8221;&#8221;]O servi\u00e7o de Catering oferece card\u00e1pios variados para todos os tipos de eventos. Op\u00e7\u00f5es de qualidade servidas nos estandes tornam a experi\u00eancia muito mais atrativa e impactante.[\/vc_column_text][vc_empty_space height=&#8221;25px&#8221;][vc_raw_html css=&#8221;&#8221;]JTNDYSUyMGhyZWYlM0QlMjIlMkYlMkZ3d3cuc2FvcGF1bG9leHBvLmNvbS5iciUyRnB0JTJGYWxpbWVudG9zLWJlYmlkYXMtZXhwb3NpdG9yJTJGY2F0ZXJpbmclMkYlMjIlMjBjbGFzcyUzRCUyMmxpbmstY2FpeGElMjIlM0UlM0NkaXYlMjBjbGFzcyUzRCUyMmxpbmstY2FpeGEtaW5uZXIxJTIwY2FpeGEtdmVybWVsaGElMjBjYWl4YS1wZXF1ZW5hJTIyJTNFJTNDZGl2JTIwY2xhc3MlM0QlMjJsaW5rLWNhaXhhLWlubmVyMiUyMiUzRVNBSUJBJTIwTUFJUyUzQyUyRmRpdiUzRSUzQyUyRmRpdiUzRSUzQyUyRmElM0U=[\/vc_raw_html][\/qode_elements_holder_item][\/qode_elements_holder][vc_empty_space][\/vc_column][\/vc_row][vc_row css_animation=&#8221;&#8221; row_type=&#8221;row&#8221; use_row_as_full_screen_section=&#8221;no&#8221; type=&#8221;grid&#8221; angled_section=&#8221;no&#8221; text_align=&#8221;left&#8221; background_image_as_pattern=&#8221;without_pattern&#8221; z_index=&#8221;&#8221;][vc_column offset=&#8221;vc_hidden-sm vc_hidden-xs&#8221;][vc_row_inner row_type=&#8221;row&#8221; type=&#8221;grid&#8221; text_align=&#8221;left&#8221; css_animation=&#8221;&#8221; background_color=&#8221;#ffffff&#8221; css=&#8221;.vc_custom_1517343273418{margin-right: 0px !important;margin-left: 0px !important;}&#8221;][vc_column_inner][vc_empty_space height=&#8221;80px&#8221;][vc_single_image image=&#8221;2118&#8243; img_size=&#8221;full&#8221; alignment=&#8221;center&#8221; onclick=&#8221;custom_link&#8221; qode_css_animation=&#8221;&#8221; link=&#8221;https:\/\/www.saopauloexpo.com.br\/pt\/contato\/orcamento\/&#8221;][vc_empty_space height=&#8221;80px&#8221;][\/vc_column_inner][\/vc_row_inner][\/vc_column][\/vc_row][vc_row css_animation=&#8221;&#8221; row_type=&#8221;row&#8221; use_row_as_full_screen_section=&#8221;no&#8221; type=&#8221;grid&#8221; angled_section=&#8221;no&#8221; text_align=&#8221;left&#8221; background_image_as_pattern=&#8221;without_pattern&#8221; css=&#8221;.vc_custom_1517408431977{padding-top: 60px !important;padding-bottom: 40px !important;}&#8221; z_index=&#8221;&#8221;][vc_column width=&#8221;1\/6&#8243;][\/vc_column][vc_column width=&#8221;2\/3&#8243;][vc_empty_space][vc_column_text]<\/p>\n<h4 style=\"text-align: center;\">O ESPA\u00c7O TAMB\u00c9M CONTA COM PONTOS FIXOS DE ALIMENTA\u00c7\u00c3O QUE OFERECEM COMODIDADE E PRATICIDADE PARA EXPOSITORES E VISITANTES.<\/h4>\n<p>[\/vc_column_text][vc_empty_space][\/vc_column][vc_column width=&#8221;1\/6&#8243;][\/vc_column][\/vc_row][vc_row css_animation=&#8221;&#8221; row_type=&#8221;row&#8221; use_row_as_full_screen_section=&#8221;no&#8221; type=&#8221;grid&#8221; angled_section=&#8221;no&#8221; text_align=&#8221;left&#8221; background_image_as_pattern=&#8221;without_pattern&#8221; z_index=&#8221;&#8221; el_class=&#8221;gastronomia-itens&#8221;][vc_column width=&#8221;1\/4&#8243;][vc_single_image image=&#8221;9064&#8243; img_size=&#8221;full&#8221; alignment=&#8221;center&#8221; css=&#8221;&#8221; qode_css_animation=&#8221;&#8221;][vc_column_text css=&#8221;.vc_custom_1741734391942{padding-top: 5px !important;padding-right: 40px !important;padding-bottom: 5px !important;padding-left: 40px !important;background-color: #ffffff !important;}&#8221; el_class=&#8221;mais-pontos&#8221;]<\/p>\n<h4 style=\"text-align: center;\"><strong>CAF\u00c9 BAUDUCCO<\/strong><\/h4>\n<p style=\"text-align: center;\">O espa\u00e7o ideal para uma pausa. Sucos, ch\u00e1s, bebidas quentes e salgados.<\/p>\n<p>[\/vc_column_text][vc_empty_space height=&#8221;20px&#8221; css=&#8221;.vc_custom_1741736479776{background-color: #FFFFFF !important;}&#8221;]<div class='q_icon_with_title tiny normal_icon left_from_title '><div class=\"icon_text_holder\" style=\"\"><div class=\"icon_text_inner\" style=\"\"><div class=\"icon_title_holder\"><div class=\"icon_holder \" style=\" \"><span data-icon-type=\"normal\" class=\"qode_iwt_icon_holder q_font_awsome_icon fa-lg  \"><i class=\"qode_icon_font_awesome fa fa-clock-o qode_iwt_icon_element\" style=\"color: #0a0a0a\"><\/i><\/span><\/div><h5 class=\"icon_title\" style=\"color: #0A0A0A;font-weight: 600;\">O funcionamento e os hor\u00e1rios variam de acordo com a grade de eventos.<\/h5><\/div><p style=''><\/p><\/div><\/div><\/div>[vc_empty_space][\/vc_column][vc_column width=&#8221;1\/4&#8243;][vc_single_image image=&#8221;9066&#8243; img_size=&#8221;full&#8221; alignment=&#8221;center&#8221; css=&#8221;&#8221; qode_css_animation=&#8221;&#8221;][vc_column_text css=&#8221;.vc_custom_1741733972383{padding-top: 5px !important;padding-right: 40px !important;padding-bottom: 5px !important;padding-left: 40px !important;background-color: #ffffff !important;}&#8221; el_class=&#8221;mais-pontos&#8221;]<\/p>\n<h4 style=\"text-align: center;\"><strong>RESTAURANTE ANEXO<\/strong><\/h4>\n<p style=\"text-align: center;\">Um espa\u00e7o aconchegante que pode ser adaptado de acordo com a finalidade dos eventos e confraterniza\u00e7\u00f5es. O restaurante \u00e9 operado pelo nosso parceiro Eldourado:<\/p>\n<p style=\"text-align: center;\"><strong><u><a href=\"http:\/\/www.grupoeld.com.br\" target=\"_blank\" rel=\"noopener\">www.grupoeld.com.br<\/a><\/u><\/strong><\/p>\n<p>[\/vc_column_text][vc_empty_space height=&#8221;20px&#8221; css=&#8221;.vc_custom_1741736479776{background-color: #FFFFFF !important;}&#8221;]<div class='q_icon_with_title tiny normal_icon left_from_title '><div class=\"icon_text_holder\" style=\"\"><div class=\"icon_text_inner\" style=\"\"><div class=\"icon_title_holder\"><div class=\"icon_holder \" style=\" \"><span data-icon-type=\"normal\" class=\"qode_iwt_icon_holder q_font_awsome_icon fa-lg  \"><i class=\"qode_icon_font_awesome fa fa-clock-o qode_iwt_icon_element\" style=\"color: #0a0a0a\"><\/i><\/span><\/div><h5 class=\"icon_title\" style=\"color: #0a0a0a;font-weight: 600;\">O funcionamento e os hor\u00e1rios variam de acordo com a grade de eventos.<\/h5><\/div><p style=''><\/p><\/div><\/div><\/div>[vc_empty_space][\/vc_column][vc_column width=&#8221;1\/4&#8243;][vc_single_image image=&#8221;9065&#8243; img_size=&#8221;full&#8221; alignment=&#8221;center&#8221; css=&#8221;&#8221; qode_css_animation=&#8221;&#8221;][vc_column_text css=&#8221;.vc_custom_1741733984533{padding-top: 5px !important;padding-right: 40px !important;padding-bottom: 5px !important;padding-left: 40px !important;background-color: #ffffff !important;}&#8221; el_class=&#8221;mais-pontos&#8221;]<\/p>\n<h4 style=\"text-align: center;\"><strong>PRA\u00c7A DE ALIMENTA\u00c7\u00c3O<\/strong><\/h4>\n<p style=\"text-align: center;\">Na Pra\u00e7a de Alimenta\u00e7\u00e3o, a boa comida se encontra com uma ampla variedade de op\u00e7\u00f5es, proporcionando uma experi\u00eancia gastron\u00f4mica \u00fanica para cada visitante.<\/p>\n<p>[\/vc_column_text][vc_empty_space height=&#8221;20px&#8221; css=&#8221;.vc_custom_1741736479776{background-color: #FFFFFF !important;}&#8221;]<div class='q_icon_with_title tiny normal_icon left_from_title '><div class=\"icon_text_holder\" style=\"\"><div class=\"icon_text_inner\" style=\"\"><div class=\"icon_title_holder\"><div class=\"icon_holder \" style=\" \"><span data-icon-type=\"normal\" class=\"qode_iwt_icon_holder q_font_awsome_icon fa-lg  \"><i class=\"qode_icon_font_awesome fa fa-clock-o qode_iwt_icon_element\" style=\"color: #0a0a0a\"><\/i><\/span><\/div><h5 class=\"icon_title\" style=\"color: #0a0a0a;font-weight: 700;\">O funcionamento e os hor\u00e1rios variam de acordo com a grade de eventos.<\/h5><\/div><p style=''><\/p><\/div><\/div><\/div>[vc_empty_space][\/vc_column][vc_column width=&#8221;1\/4&#8243;][vc_single_image image=&#8221;7234&#8243; img_size=&#8221;full&#8221; alignment=&#8221;center&#8221; css=&#8221;&#8221; qode_css_animation=&#8221;&#8221;][vc_column_text css=&#8221;.vc_custom_1741736417196{padding-top: 5px !important;padding-right: 40px !important;padding-bottom: 5px !important;padding-left: 40px !important;background-color: #FFFFFF !important;}&#8221; el_class=&#8221;mais-pontos&#8221;]<\/p>\n<h4 style=\"text-align: center;\"><strong>RESTAURANTES E LOJAS<\/strong><\/h4>\n<p style=\"text-align: center;\">Card\u00e1pios variados que agradam diferentes paladares.<\/p>\n<p style=\"text-align: center;\">&gt; Rei do Mate<br \/>\n&gt; Boali<br \/>\n&gt; Spoleto<br \/>\n&gt; Johnny Rockets<br \/>\n&gt; Anexo Show<\/p>\n<p style=\"text-align: center;\">E muito mais\u2026<\/p>\n<p>[\/vc_column_text][vc_empty_space height=&#8221;20px&#8221; css=&#8221;.vc_custom_1741736479776{background-color: #FFFFFF !important;}&#8221;]<div class='q_icon_with_title tiny normal_icon left_from_title '><div class=\"icon_text_holder\" style=\"\"><div class=\"icon_text_inner\" style=\"\"><div class=\"icon_title_holder\"><div class=\"icon_holder \" style=\" \"><span data-icon-type=\"normal\" class=\"qode_iwt_icon_holder q_font_awsome_icon fa-lg  \"><i class=\"qode_icon_font_awesome fa fa-clock-o qode_iwt_icon_element\" style=\"color: #0a0a0a\"><\/i><\/span><\/div><h5 class=\"icon_title\" style=\"color: #0a0a0a;font-weight: 700;\">O funcionamento e os hor\u00e1rios variam de acordo com a grade de eventos.<\/h5><\/div><p style=''><\/p><\/div><\/div><\/div>[\/vc_column][\/vc_row][vc_row css_animation=&#8221;&#8221; row_type=&#8221;row&#8221; use_row_as_full_screen_section=&#8221;no&#8221; type=&#8221;full_width&#8221; angled_section=&#8221;no&#8221; text_align=&#8221;left&#8221; background_image_as_pattern=&#8221;without_pattern&#8221;][vc_column][vc_empty_space][\/vc_column][\/vc_row][vc_row css_animation=&#8221;&#8221; row_type=&#8221;row&#8221; use_row_as_full_screen_section=&#8221;no&#8221; type=&#8221;grid&#8221; angled_section=&#8221;no&#8221; text_align=&#8221;left&#8221; background_image_as_pattern=&#8221;without_pattern&#8221; z_index=&#8221;&#8221;][vc_column][vc_raw_html]JTNDYSUyMGhyZWYlM0QlMjJodHRwcyUzQSUyRiUyRnd3dy5zYW9wYXVsb2V4cG8uY29tLmJyJTJGcHQlMkZnYXN0cm9ub21pYSUyRiUyMiUzRSUzQ2RpdiUyMGNsYXNzJTNEJTIyY2FpeGEtcHJldGEtY29udGF0byUyMiUzRSUzQ3N0cm9uZyUzRU1BSVMlMjBJTkZPUk1BJUMzJTg3JUMzJTk1RVMlM0MlMkZzdHJvbmclM0UlM0MlMkZkaXYlM0UlM0MlMkZhJTNF[\/vc_raw_html][\/vc_column][\/vc_row][vc_row css_animation=&#8221;&#8221; row_type=&#8221;row&#8221; use_row_as_full_screen_section=&#8221;no&#8221; type=&#8221;full_width&#8221; angled_section=&#8221;no&#8221; text_align=&#8221;left&#8221; background_image_as_pattern=&#8221;without_pattern&#8221;][vc_column][vc_empty_space height=&#8221;102px&#8221;][\/vc_column][\/vc_row]<\/p>\n<\/div>","protected":false},"excerpt":{"rendered":"<p>[vc_row css_animation=&#8221;&#8221; row_type=&#8221;row&#8221; use_row_as_full_screen_section=&#8221;no&#8221; type=&#8221;grid&#8221; angled_section=&#8221;no&#8221; text_align=&#8221;left&#8221; background_image_as_pattern=&#8221;without_pattern&#8221; background_image=&#8221;513&#8243; css=&#8221;.vc_custom_1517407990977{padding-top: 100px !important;padding-bottom: 100px !important;}&#8221; z_index=&#8221;&#8221;][vc_column width=&#8221;1\/6&#8243;][\/vc_column][vc_column width=&#8221;2\/3&#8243;][vc_column_text] ALIMENTOS &amp; BEBIDAS [\/vc_column_text][vc_empty_space height=&#8221;12px&#8221;][vc_separator type=&#8221;normal&#8221; color=&#8221;#ffffff&#8221; el_class=&#8221;divisor-preto-curto&#8221;][vc_column_text el_class=&#8221;texto-topo-padrao&#8221;] O S\u00e3o Paulo Expo oferece uma ampla variedade de solu\u00e7\u00f5es em A&amp;B, atrav\u00e9s de parceiros comerciais, que fornecem servi\u00e7os&#8230;<\/p>\n","protected":false},"author":1,"featured_media":0,"parent":0,"menu_order":0,"comment_status":"closed","ping_status":"closed","template":"full_width.php","meta":{"footnotes":""},"class_list":["post-512","page","type-page","status-publish","hentry"],"_links":{"self":[{"href":"https:\/\/www.saopauloexpo.com.br\/pt\/wp-json\/wp\/v2\/pages\/512","targetHints":{"allow":["GET"]}}],"collection":[{"href":"https:\/\/www.saopauloexpo.com.br\/pt\/wp-json\/wp\/v2\/pages"}],"about":[{"href":"https:\/\/www.saopauloexpo.com.br\/pt\/wp-json\/wp\/v2\/types\/page"}],"author":[{"embeddable":true,"href":"https:\/\/www.saopauloexpo.com.br\/pt\/wp-json\/wp\/v2\/users\/1"}],"replies":[{"embeddable":true,"href":"https:\/\/www.saopauloexpo.com.br\/pt\/wp-json\/wp\/v2\/comments?post=512"}],"version-history":[{"count":38,"href":"https:\/\/www.saopauloexpo.com.br\/pt\/wp-json\/wp\/v2\/pages\/512\/revisions"}],"predecessor-version":[{"id":9089,"href":"https:\/\/www.saopauloexpo.com.br\/pt\/wp-json\/wp\/v2\/pages\/512\/revisions\/9089"}],"wp:attachment":[{"href":"https:\/\/www.saopauloexpo.com.br\/pt\/wp-json\/wp\/v2\/media?parent=512"}],"curies":[{"name":"wp","href":"https:\/\/api.w.org\/{rel}","templated":true}]}}