{"id":405,"date":"2018-01-30T13:50:12","date_gmt":"2018-01-30T15:50:12","guid":{"rendered":"http:\/\/abyx.online\/pages\/spexpo\/?page_id=405"},"modified":"2022-08-18T16:12:42","modified_gmt":"2022-08-18T19:12:42","slug":"contato","status":"publish","type":"page","link":"https:\/\/www.saopauloexpo.com.br\/pt\/contato\/","title":{"rendered":"Contato"},"content":{"rendered":"<div class=\"wpb-content-wrapper\"><p>[vc_row css_animation=&#8221;&#8221; row_type=&#8221;row&#8221; use_row_as_full_screen_section=&#8221;no&#8221; type=&#8221;grid&#8221; angled_section=&#8221;no&#8221; text_align=&#8221;left&#8221; background_image_as_pattern=&#8221;without_pattern&#8221; css=&#8221;.vc_custom_1517319882541{padding-top: 80px !important;}&#8221; z_index=&#8221;&#8221;][vc_column][vc_column_text]<\/p>\n<h1 style=\"text-align: left;\">CONTATO<\/h1>\n<p>[\/vc_column_text][vc_empty_space height=&#8221;12px&#8221;][vc_separator type=&#8221;normal&#8221; color=&#8221;#444444&#8243; thickness=&#8221;1&#8243; el_class=&#8221;divisor-preto-curto divisor-direita&#8221;][vc_empty_space height=&#8221;12px&#8221;][\/vc_column][\/vc_row][vc_row css_animation=&#8221;&#8221; row_type=&#8221;row&#8221; use_row_as_full_screen_section=&#8221;no&#8221; type=&#8221;grid&#8221; angled_section=&#8221;no&#8221; text_align=&#8221;left&#8221; background_image_as_pattern=&#8221;without_pattern&#8221; z_index=&#8221;&#8221; el_class=&#8221;contato-tipo&#8221;][vc_column width=&#8221;1\/3&#8243; offset=&#8221;vc_col-lg-4 vc_col-md-4 vc_col-xs-12&#8243;][vc_row_inner row_type=&#8221;row&#8221; type=&#8221;full_width&#8221; text_align=&#8221;left&#8221; background_color=&#8221;#ffffff&#8221; css_animation=&#8221;&#8221; css=&#8221;.vc_custom_1519135996328{margin-right: 5px !important;margin-left: 5px !important;padding-top: 30px !important;padding-right: 30px !important;padding-bottom: 30px !important;padding-left: 30px !important;}&#8221; el_class=&#8221;caixa-contato&#8221;][vc_column_inner][vc_raw_html]JTNDYSUyMGhyZWYlM0QlMjJodHRwcyUzQSUyRiUyRnd3dy5zYW9wYXVsb2V4cG8uY29tLmJyJTJGcHQlMkZjb250YXRvJTJGZmFjYS1zZXUtZXZlbnRvLWFxdWklMkYlMjIlM0U=[\/vc_raw_html][vc_column_text]<\/p>\n<h4 style=\"text-align: center;\"><strong>FA\u00c7A SEU EVENTO AQUI<\/strong><\/h4>\n<p style=\"text-align: center;\">Quero fazer um evento no <strong>S\u00e3o Paulo Expo<\/strong><\/p>\n<p>[\/vc_column_text][vc_separator type=&#8221;small&#8221; position=&#8221;center&#8221; color=&#8221;#000000&#8243; width=&#8221;50&#8243; up=&#8221;15&#8243; down=&#8221;25&#8243;][vc_single_image image=&#8221;406&#8243; img_size=&#8221;full&#8221; alignment=&#8221;center&#8221; qode_css_animation=&#8221;&#8221;][\/vc_column_inner][\/vc_row_inner][vc_empty_space][vc_raw_html]JTNDJTJGYSUzRQ==[\/vc_raw_html][\/vc_column][vc_column width=&#8221;1\/3&#8243; offset=&#8221;vc_col-lg-4 vc_col-md-4 vc_col-xs-12&#8243;][vc_row_inner row_type=&#8221;row&#8221; type=&#8221;full_width&#8221; text_align=&#8221;left&#8221; background_color=&#8221;#ffffff&#8221; css_animation=&#8221;&#8221; css=&#8221;.vc_custom_1519136051544{margin-right: 5px !important;margin-left: 5px !important;padding-top: 30px !important;padding-right: 30px !important;padding-bottom: 30px !important;padding-left: 30px !important;}&#8221; el_class=&#8221;caixa-contato&#8221;][vc_column_inner][vc_raw_html]JTNDYSUyMGhyZWYlM0QlMjJodHRwcyUzQSUyRiUyRnd3dy5zYW9wYXVsb2V4cG8uY29tLmJyJTJGcHQlMkZjb250YXRvJTJGZmFsZS1jb20tYS1vdXZpZG9yaWElMkYlMjIlM0U=[\/vc_raw_html][vc_column_text]<\/p>\n<h4 style=\"text-align: center;\"><strong>FALE COM A OUVIDORIA<\/strong><\/h4>\n<p style=\"text-align: center;\">Canal para comunica\u00e7\u00e3o direta<\/p>\n<p>[\/vc_column_text][vc_empty_space height=&#8221;14px&#8221;][vc_separator type=&#8221;small&#8221; position=&#8221;center&#8221; color=&#8221;#000000&#8243; width=&#8221;50&#8243; up=&#8221;15&#8243; down=&#8221;25&#8243;][vc_single_image image=&#8221;415&#8243; img_size=&#8221;full&#8221; alignment=&#8221;center&#8221; qode_css_animation=&#8221;&#8221;][\/vc_column_inner][\/vc_row_inner][vc_empty_space][vc_raw_html]JTNDJTJGYSUzRQ==[\/vc_raw_html][\/vc_column][vc_column width=&#8221;1\/3&#8243; offset=&#8221;vc_col-lg-4 vc_col-md-4 vc_col-xs-12&#8243;][vc_row_inner row_type=&#8221;row&#8221; type=&#8221;full_width&#8221; text_align=&#8221;left&#8221; background_color=&#8221;#ffffff&#8221; css_animation=&#8221;&#8221; css=&#8221;.vc_custom_1519136056367{margin-right: 5px !important;margin-left: 5px !important;padding-top: 30px !important;padding-right: 30px !important;padding-bottom: 30px !important;padding-left: 30px !important;}&#8221; el_class=&#8221;caixa-contato&#8221;][vc_column_inner][vc_raw_html]JTNDYSUyMGhyZWYlM0QlMjJodHRwcyUzQSUyRiUyRnd3dy5zYW9wYXVsb2V4cG8uY29tLmJyJTJGcHQlMkZjb250YXRvJTJGbmV3c2xldHRlciUyRiUyMiUzRQ==[\/vc_raw_html][vc_column_text]<\/p>\n<h4 style=\"text-align: center;\"><strong>ASSINE NOSSA NEWSLETTER<\/strong><\/h4>\n<p>[\/vc_column_text][vc_column_text]<\/p>\n<p style=\"text-align: center;\">Cadastre seu e-mail e receba novidades em primeira m\u00e3o<\/p>\n<p>[\/vc_column_text][vc_separator type=&#8221;small&#8221; position=&#8221;center&#8221; color=&#8221;#000000&#8243; width=&#8221;50&#8243; up=&#8221;15&#8243; down=&#8221;25&#8243;][vc_single_image image=&#8221;5045&#8243; img_size=&#8221;full&#8221; alignment=&#8221;center&#8221; qode_css_animation=&#8221;&#8221;][\/vc_column_inner][\/vc_row_inner][vc_empty_space][vc_raw_html]JTNDJTJGYSUzRQ==[\/vc_raw_html][\/vc_column][\/vc_row][vc_row css_animation=&#8221;&#8221; row_type=&#8221;row&#8221; use_row_as_full_screen_section=&#8221;no&#8221; type=&#8221;full_width&#8221; angled_section=&#8221;no&#8221; text_align=&#8221;left&#8221; background_image_as_pattern=&#8221;without_pattern&#8221; css=&#8221;.vc_custom_1517329138721{margin-top: 30px !important;}&#8221; z_index=&#8221;&#8221;][vc_column width=&#8221;1\/2&#8243; offset=&#8221;vc_hidden-xs&#8221;][vc_raw_html]JTNDYSUyMGhyZWYlM0QlMjJ0ZWwlM0EwMTE1MDY3MTcxNyUyMiUzRSUzQ2RpdiUyMGNsYXNzJTNEJTIyY2FpeGEtcHJldGEtY29udGF0byUyMiUyMHN0eWxlJTNEJTIyZmxvYXQlM0ElMjByaWdodCUzQiUyMiUzRSUyMCUzQ2ltZyUyMHNyYyUzRCUyMmh0dHBzJTNBJTJGJTJGd3d3LnNhb3BhdWxvZXhwby5jb20uYnIlMkZwdCUyRndwLWNvbnRlbnQlMkZ1cGxvYWRzJTJGMjAxOCUyRjAxJTJGdGVsZWZvbmUtaWNvbmVfZXNjdXJvLnBuZyUyMiUzRSUyMDU1JTIwJTI4MTElMjklMjA1MDY3LTE3MTclM0MlMkZkaXYlM0UlM0MlMkZhJTNF[\/vc_raw_html][vc_empty_space][\/vc_column][vc_column width=&#8221;1\/2&#8243; offset=&#8221;vc_hidden-xs&#8221;][vc_raw_html]JTNDYSUyMGhyZWYlM0QlMjJtYWlsdG8lM0FzYW9wYXVsb2V4cG8lNDBnbGJyLmNvbS5iciUyMiUyMHRhcmdldCUzRCUyMl9ibGFuayUyMiUzRSUzQ2RpdiUyMGNsYXNzJTNEJTIyY2FpeGEtcHJldGEtY29udGF0byUyMiUyMCUyMHN0eWxlJTNEJTIyZmxvYXQlM0ElMjBsZWZ0JTNCJTIyJTNFJTIwJTNDaW1nJTIwc3JjJTNEJTIyaHR0cHMlM0ElMkYlMkZ3d3cuc2FvcGF1bG9leHBvLmNvbS5iciUyRnB0JTJGd3AtY29udGVudCUyRnVwbG9hZHMlMkYyMDE4JTJGMDElMkZpY29uZS1kZS1lbWFpbC5wbmclMjIlM0UlMjBzYW9wYXVsb2V4cG8lNDBnbGJyLmNvbS5iciUzQyUyRmRpdiUzRSUzQyUyRmElM0U=[\/vc_raw_html][vc_empty_space][\/vc_column][\/vc_row][vc_row css_animation=&#8221;&#8221; row_type=&#8221;row&#8221; use_row_as_full_screen_section=&#8221;no&#8221; type=&#8221;full_width&#8221; angled_section=&#8221;no&#8221; text_align=&#8221;left&#8221; background_image_as_pattern=&#8221;without_pattern&#8221; z_index=&#8221;&#8221;][vc_column width=&#8221;4\/12&#8243;][\/vc_column][vc_column width=&#8221;2\/12&#8243; offset=&#8221;vc_hidden-lg vc_hidden-md vc_hidden-sm vc_col-xs-12&#8243;][vc_raw_html]JTNDYSUyMGhyZWYlM0QlMjJ0ZWwlM0EwMTE1MDY3MTcxNyUyMiUzRSUzQ2RpdiUyMGNsYXNzJTNEJTIyY2FpeGEtcHJldGEtY29udGF0byUyMiUzRSUyMCUzQ2ltZyUyMHNyYyUzRCUyMmh0dHBzJTNBJTJGJTJGd3d3LnNhb3BhdWxvZXhwby5jb20uYnIlMkZwdCUyRndwLWNvbnRlbnQlMkZ1cGxvYWRzJTJGMjAxOCUyRjAxJTJGdGVsZWZvbmUtaWNvbmVfZXNjdXJvLnBuZyUyMiUzRSUyMDU1JTIwJTI4MTElMjklMjA1MDY3LTE3MTclM0MlMkZkaXYlM0UlM0MlMkZhJTNF[\/vc_raw_html][vc_empty_space][\/vc_column][vc_column width=&#8221;1\/12&#8243; offset=&#8221;vc_hidden-lg vc_hidden-md vc_hidden-sm vc_col-xs-12&#8243;][vc_raw_html]JTNDYSUyMGhyZWYlM0QlMjJtYWlsdG8lM0FzYW9wYXVsb2V4cG8lNDBnbGJyLmNvbS5iciUyMiUyMHRhcmdldCUzRCUyMl9ibGFuayUyMiUzRSUzQ2RpdiUyMGNsYXNzJTNEJTIyY2FpeGEtcHJldGEtY29udGF0byUyMiUzRSUyMCUzQ2ltZyUyMHNyYyUzRCUyMmh0dHBzJTNBJTJGJTJGd3d3LnNhb3BhdWxvZXhwby5jb20uYnIlMkZwdCUyRndwLWNvbnRlbnQlMkZ1cGxvYWRzJTJGMjAxOCUyRjAxJTJGaWNvbmUtZGUtZW1haWwucG5nJTIyJTNFJTIwc2FvcGF1bG9leHBvJTQwZ2xici5jb20uYnIlM0MlMkZkaXYlM0UlM0MlMkZhJTNF[\/vc_raw_html][vc_empty_space][\/vc_column][vc_column width=&#8221;4\/12&#8243;][\/vc_column][\/vc_row][vc_row css_animation=&#8221;&#8221; row_type=&#8221;row&#8221; use_row_as_full_screen_section=&#8221;no&#8221; type=&#8221;grid&#8221; angled_section=&#8221;no&#8221; text_align=&#8221;left&#8221; background_image=&#8221;353&#8243; background_image_as_pattern=&#8221;without_pattern&#8221; css=&#8221;.vc_custom_1517330421846{margin-top: 100px !important;padding-top: 60px !important;padding-bottom: 60px !important;}&#8221; z_index=&#8221;&#8221;][vc_column width=&#8221;1\/6&#8243;][\/vc_column][vc_column width=&#8221;2\/3&#8243;][vc_column_text]<\/p>\n<h2 style=\"text-align: center;\"><span style=\"color: #ffffff;\"><strong>D\u00daVIDAS SOBRE EVENTOS<\/strong><\/span><\/h2>\n<p>[\/vc_column_text][vc_empty_space height=&#8221;12px&#8221;][vc_separator type=&#8221;normal&#8221; color=&#8221;#ffffff&#8221; el_class=&#8221;divisor-preto-curto&#8221;][vc_column_text]<\/p>\n<p style=\"text-align: center;\"><span style=\"color: #ffffff;\">Em caso de d\u00favidas sobre pre\u00e7o de ingressos, datas e outras perguntas relacionadas aos eventos sediados no nosso espa\u00e7o, sugerimos que entre em contato diretamente com a organiza\u00e7\u00e3o do evento.<\/span><\/p>\n<p>[\/vc_column_text][\/vc_column][vc_column width=&#8221;1\/6&#8243;][\/vc_column][\/vc_row][vc_row css_animation=&#8221;&#8221; row_type=&#8221;row&#8221; use_row_as_full_screen_section=&#8221;no&#8221; type=&#8221;full_width&#8221; angled_section=&#8221;no&#8221; text_align=&#8221;left&#8221; background_image_as_pattern=&#8221;without_pattern&#8221;][vc_column][vc_empty_space][\/vc_column][\/vc_row]<\/p>\n<\/div>","protected":false},"excerpt":{"rendered":"<p>[vc_row css_animation=&#8221;&#8221; row_type=&#8221;row&#8221; use_row_as_full_screen_section=&#8221;no&#8221; type=&#8221;grid&#8221; angled_section=&#8221;no&#8221; text_align=&#8221;left&#8221; background_image_as_pattern=&#8221;without_pattern&#8221; css=&#8221;.vc_custom_1517319882541{padding-top: 80px !important;}&#8221; z_index=&#8221;&#8221;][vc_column][vc_column_text] CONTATO [\/vc_column_text][vc_empty_space height=&#8221;12px&#8221;][vc_separator type=&#8221;normal&#8221; color=&#8221;#444444&#8243; thickness=&#8221;1&#8243; el_class=&#8221;divisor-preto-curto divisor-direita&#8221;][vc_empty_space height=&#8221;12px&#8221;][\/vc_column][\/vc_row][vc_row css_animation=&#8221;&#8221; row_type=&#8221;row&#8221; use_row_as_full_screen_section=&#8221;no&#8221; type=&#8221;grid&#8221; angled_section=&#8221;no&#8221; text_align=&#8221;left&#8221; background_image_as_pattern=&#8221;without_pattern&#8221; z_index=&#8221;&#8221; el_class=&#8221;contato-tipo&#8221;][vc_column width=&#8221;1\/3&#8243; offset=&#8221;vc_col-lg-4 vc_col-md-4 vc_col-xs-12&#8243;][vc_row_inner row_type=&#8221;row&#8221; type=&#8221;full_width&#8221; text_align=&#8221;left&#8221; background_color=&#8221;#ffffff&#8221; css_animation=&#8221;&#8221; css=&#8221;.vc_custom_1519135996328{margin-right: 5px !important;margin-left: 5px !important;padding-top: 30px&#8230;<\/p>\n","protected":false},"author":1,"featured_media":0,"parent":0,"menu_order":0,"comment_status":"closed","ping_status":"closed","template":"full_width.php","meta":{"footnotes":""},"class_list":["post-405","page","type-page","status-publish","hentry"],"_links":{"self":[{"href":"https:\/\/www.saopauloexpo.com.br\/pt\/wp-json\/wp\/v2\/pages\/405","targetHints":{"allow":["GET"]}}],"collection":[{"href":"https:\/\/www.saopauloexpo.com.br\/pt\/wp-json\/wp\/v2\/pages"}],"about":[{"href":"https:\/\/www.saopauloexpo.com.br\/pt\/wp-json\/wp\/v2\/types\/page"}],"author":[{"embeddable":true,"href":"https:\/\/www.saopauloexpo.com.br\/pt\/wp-json\/wp\/v2\/users\/1"}],"replies":[{"embeddable":true,"href":"https:\/\/www.saopauloexpo.com.br\/pt\/wp-json\/wp\/v2\/comments?post=405"}],"version-history":[{"count":4,"href":"https:\/\/www.saopauloexpo.com.br\/pt\/wp-json\/wp\/v2\/pages\/405\/revisions"}],"predecessor-version":[{"id":5047,"href":"https:\/\/www.saopauloexpo.com.br\/pt\/wp-json\/wp\/v2\/pages\/405\/revisions\/5047"}],"wp:attachment":[{"href":"https:\/\/www.saopauloexpo.com.br\/pt\/wp-json\/wp\/v2\/media?parent=405"}],"curies":[{"name":"wp","href":"https:\/\/api.w.org\/{rel}","templated":true}]}}