{"id":1737,"date":"2018-03-12T16:11:16","date_gmt":"2018-03-12T19:11:16","guid":{"rendered":"http:\/\/abyx.online\/pages\/spexpo\/?page_id=1737"},"modified":"2025-02-12T15:26:58","modified_gmt":"2025-02-12T18:26:58","slug":"recomendacoes-visitantes","status":"publish","type":"page","link":"https:\/\/www.saopauloexpo.com.br\/pt\/recomendacoes-visitantes\/","title":{"rendered":"Recomenda\u00e7\u00f5es Visitantes"},"content":{"rendered":"<div class=\"wpb-content-wrapper\"><p>[vc_row css_animation=&#8221;&#8221; row_type=&#8221;row&#8221; use_row_as_full_screen_section=&#8221;no&#8221; type=&#8221;grid&#8221; angled_section=&#8221;no&#8221; text_align=&#8221;left&#8221; background_image_as_pattern=&#8221;without_pattern&#8221; background_image=&#8221;6521&#8243; z_index=&#8221;&#8221; el_class=&#8221;titulo-area&#8221;][vc_column width=&#8221;1\/6&#8243;][\/vc_column][vc_column width=&#8221;2\/3&#8243;][vc_empty_space height=&#8221;129px&#8221;][vc_column_text]<\/p>\n<h1 style=\"text-align: center;\"><span style=\"color: #ffffff;\"><strong>Dicas e recomenda\u00e7\u00f5es importantes<br \/>\npara nossos visitantes<\/strong><\/span><\/h1>\n<p>[\/vc_column_text][vc_separator type=&#8221;normal&#8221; color=&#8221;#ffffff&#8221; up=&#8221;30&#8243; down=&#8221;30&#8243; el_class=&#8221;divisor-preto-curto&#8221; thickness=&#8221;3&#8243;][vc_column_text el_class=&#8221;texto-topo-padrao&#8221;]<\/p>\n<h4 style=\"text-align: center;\"><span style=\"color: #ffffff; text-transform: none !important;\">Esperamos que sua experi\u00eancia no S\u00e3o Paulo Expo seja a melhor poss\u00edvel, por isso separamos algumas orienta\u00e7\u00f5es para garantir sua seguran\u00e7a e conforto dentro do nosso Centro de Eventos.<\/span><\/h4>\n<p>[\/vc_column_text][vc_empty_space height=&#8221;82px&#8221;][\/vc_column][vc_column width=&#8221;1\/6&#8243;][\/vc_column][\/vc_row][vc_row css_animation=&#8221;&#8221; row_type=&#8221;row&#8221; use_row_as_full_screen_section=&#8221;no&#8221; type=&#8221;grid&#8221; angled_section=&#8221;no&#8221; text_align=&#8221;center&#8221; background_image_as_pattern=&#8221;without_pattern&#8221; css=&#8221;.vc_custom_1682001775120{margin-top: 100px !important;}&#8221; z_index=&#8221;&#8221;][vc_column][vc_row_inner row_type=&#8221;row&#8221; type=&#8221;full_width&#8221; text_align=&#8221;left&#8221; css_animation=&#8221;&#8221; el_class=&#8221;container-bloquinhos&#8221;][vc_column_inner el_class=&#8221;bloquinho&#8221; width=&#8221;1\/4&#8243;][vc_empty_space height=&#8221;50px&#8221;][vc_single_image image=&#8221;8969&#8243; img_size=&#8221;full&#8221; alignment=&#8221;center&#8221; css=&#8221;&#8221; qode_css_animation=&#8221;&#8221;][vc_separator type=&#8221;small&#8221; position=&#8221;center&#8221; color=&#8221;#c2161b&#8221; thickness=&#8221;5&#8243; width=&#8221;80&#8243;][vc_empty_space height=&#8221;20px&#8221;][vc_column_text]Sabia que voc\u00ea pode antecipar o pagamento do ticket do estacionamento? Assim voc\u00ea agiliza a sua sa\u00edda e economiza tempo.[\/vc_column_text][\/vc_column_inner][vc_column_inner el_class=&#8221;bloquinho&#8221; width=&#8221;1\/4&#8243;][vc_empty_space height=&#8221;50px&#8221;][vc_single_image image=&#8221;8970&#8243; img_size=&#8221;full&#8221; alignment=&#8221;center&#8221; css=&#8221;&#8221; qode_css_animation=&#8221;&#8221;][vc_separator type=&#8221;small&#8221; position=&#8221;center&#8221; color=&#8221;#c2161b&#8221; thickness=&#8221;5&#8243; width=&#8221;80&#8243;][vc_empty_space height=&#8221;20px&#8221;][vc_column_text]Mantenha sempre seus pertences a vista e em seguran\u00e7a.[\/vc_column_text][\/vc_column_inner][vc_column_inner el_class=&#8221;bloquinho&#8221; width=&#8221;1\/4&#8243;][vc_empty_space height=&#8221;50px&#8221;][vc_single_image image=&#8221;8971&#8243; img_size=&#8221;full&#8221; alignment=&#8221;center&#8221; css=&#8221;&#8221; qode_css_animation=&#8221;&#8221;][vc_separator type=&#8221;small&#8221; position=&#8221;center&#8221; color=&#8221;#c2161b&#8221; thickness=&#8221;5&#8243; width=&#8221;80&#8243;][vc_empty_space height=&#8221;20px&#8221;][vc_column_text]Tenha mais conforto! Utilize nossos lockers para guardar suas coisas.<br \/>\n[\/vc_column_text][\/vc_column_inner][vc_column_inner el_class=&#8221;bloquinho&#8221; width=&#8221;1\/4&#8243;][vc_empty_space height=&#8221;50px&#8221;][vc_single_image image=&#8221;8962&#8243; img_size=&#8221;full&#8221; alignment=&#8221;center&#8221; css=&#8221;&#8221; qode_css_animation=&#8221;&#8221;][vc_column_text]Explore nossas op\u00e7\u00f5es de alimenta\u00e7\u00e3o.[\/vc_column_text][\/vc_column_inner][\/vc_row_inner][vc_row_inner row_type=&#8221;row&#8221; type=&#8221;full_width&#8221; text_align=&#8221;left&#8221; css_animation=&#8221;&#8221; el_class=&#8221;container-bloquinhos&#8221;][vc_column_inner el_class=&#8221;bloquinho&#8221; width=&#8221;1\/4&#8243;][vc_empty_space height=&#8221;50px&#8221;][vc_single_image image=&#8221;8972&#8243; img_size=&#8221;full&#8221; alignment=&#8221;center&#8221; css=&#8221;&#8221; qode_css_animation=&#8221;&#8221;][vc_separator type=&#8221;small&#8221; position=&#8221;center&#8221; color=&#8221;#c2161b&#8221; thickness=&#8221;5&#8243; width=&#8221;80&#8243;][vc_empty_space height=&#8221;20px&#8221;][vc_column_text]Identifique nossas sa\u00eddas de emerg\u00eancia para melhor se localizar em caso de necessidade.[\/vc_column_text][\/vc_column_inner][vc_column_inner el_class=&#8221;bloquinho&#8221; width=&#8221;1\/4&#8243;][vc_empty_space height=&#8221;50px&#8221;][vc_single_image image=&#8221;8973&#8243; img_size=&#8221;full&#8221; alignment=&#8221;center&#8221; css=&#8221;&#8221; qode_css_animation=&#8221;&#8221;][vc_separator type=&#8221;small&#8221; position=&#8221;center&#8221; color=&#8221;#c2161b&#8221; thickness=&#8221;5&#8243; width=&#8221;80&#8243;][vc_empty_space height=&#8221;20px&#8221;][vc_column_text]Para sua comodidade, temos toaletes acess\u00edveis por todo o complexo.[\/vc_column_text][\/vc_column_inner][vc_column_inner el_class=&#8221;bloquinho&#8221; width=&#8221;1\/4&#8243;][vc_empty_space height=&#8221;50px&#8221;][vc_single_image image=&#8221;8974&#8243; img_size=&#8221;full&#8221; alignment=&#8221;center&#8221; css=&#8221;&#8221; qode_css_animation=&#8221;&#8221;][vc_separator type=&#8221;small&#8221; position=&#8221;center&#8221; color=&#8221;#c2161b&#8221; thickness=&#8221;5&#8243; width=&#8221;80&#8243;][vc_empty_space height=&#8221;20px&#8221;][vc_column_text]Em caso de necessidade, procure o balc\u00e3o de atendimento do evento e informe-se sobre o posto de atendimento m\u00e9dico.[\/vc_column_text][\/vc_column_inner][vc_column_inner el_class=&#8221;bloquinho&#8221; width=&#8221;1\/4&#8243;][vc_empty_space height=&#8221;50px&#8221;][vc_single_image image=&#8221;8975&#8243; img_size=&#8221;full&#8221; alignment=&#8221;center&#8221; css=&#8221;&#8221; qode_css_animation=&#8221;&#8221;][vc_separator type=&#8221;small&#8221; position=&#8221;center&#8221; color=&#8221;#c2161b&#8221; thickness=&#8221;5&#8243; width=&#8221;80&#8243;][vc_empty_space height=&#8221;20px&#8221;][vc_column_text]<strong>Importuna\u00e7\u00e3o sexual \u00e9 crime! Denuncie!<\/strong>[\/vc_column_text][vc_empty_space height=&#8221;20px&#8221;][vc_column_text]Se voc\u00ea presenciar ou for v\u00edtima de abuso, avise imediatamente o Organizador deste Evento ou ligue para o 190.[\/vc_column_text][\/vc_column_inner][\/vc_row_inner][vc_row_inner row_type=&#8221;row&#8221; type=&#8221;full_width&#8221; text_align=&#8221;left&#8221; css_animation=&#8221;&#8221; el_class=&#8221;container-bloquinhos&#8221;][vc_column_inner el_class=&#8221;bloquinho&#8221; width=&#8221;1\/4&#8243;][vc_empty_space height=&#8221;50px&#8221;][vc_single_image image=&#8221;8976&#8243; img_size=&#8221;full&#8221; alignment=&#8221;center&#8221; css=&#8221;&#8221; qode_css_animation=&#8221;&#8221;][vc_separator type=&#8221;small&#8221; position=&#8221;center&#8221; color=&#8221;#c2161b&#8221; thickness=&#8221;5&#8243; width=&#8221;80&#8243;][vc_empty_space height=&#8221;20px&#8221;][vc_column_text]Siga nossas redes e acompanhe nossa agenda de eventos para receber novidades em primeira m\u00e3o.[\/vc_column_text][\/vc_column_inner][vc_column_inner el_class=&#8221;bloquinho&#8221; width=&#8221;1\/4&#8243;][vc_empty_space height=&#8221;50px&#8221;][vc_single_image image=&#8221;8977&#8243; img_size=&#8221;full&#8221; alignment=&#8221;center&#8221; css=&#8221;&#8221; qode_css_animation=&#8221;&#8221;][vc_separator type=&#8221;small&#8221; position=&#8221;center&#8221; color=&#8221;#c2161b&#8221; thickness=&#8221;5&#8243; width=&#8221;80&#8243;][vc_empty_space height=&#8221;20px&#8221;][vc_column_text]Vai de metr\u00f4? A esta\u00e7\u00e3o Jabaquara fica a 900 metros de dist\u00e2ncia.[\/vc_column_text][\/vc_column_inner][vc_column_inner el_class=&#8221;bloquinho&#8221; width=&#8221;1\/4&#8243;][vc_empty_space height=&#8221;50px&#8221;][vc_single_image image=&#8221;8978&#8243; img_size=&#8221;full&#8221; alignment=&#8221;center&#8221; css=&#8221;&#8221; qode_css_animation=&#8221;&#8221;][vc_separator type=&#8221;small&#8221; position=&#8221;center&#8221; color=&#8221;#c2161b&#8221; thickness=&#8221;5&#8243; width=&#8221;80&#8243;][vc_empty_space height=&#8221;20px&#8221;][vc_column_text]Lembrando que alguns eventos disponibilizam transportes gratuitos at\u00e9 o S\u00e3o Paulo Expo. Informe-se no site do evento.[\/vc_column_text][\/vc_column_inner][vc_column_inner el_class=&#8221;bloquinho&#8221; width=&#8221;1\/4&#8243;][vc_empty_space height=&#8221;50px&#8221;][vc_single_image image=&#8221;8979&#8243; img_size=&#8221;full&#8221; alignment=&#8221;center&#8221; css=&#8221;&#8221; qode_css_animation=&#8221;&#8221;][vc_separator type=&#8221;small&#8221; position=&#8221;center&#8221; color=&#8221;#c2161b&#8221; thickness=&#8221;5&#8243; width=&#8221;80&#8243;][vc_empty_space height=&#8221;20px&#8221;][vc_column_text]Perdeu algum objeto? Para mais informa\u00e7\u00f5es, procure o balc\u00e3o de atendimento do evento.[\/vc_column_text][\/vc_column_inner][\/vc_row_inner][vc_row_inner row_type=&#8221;row&#8221; type=&#8221;full_width&#8221; text_align=&#8221;left&#8221; css_animation=&#8221;&#8221;][vc_column_inner el_class=&#8221;bloquinho&#8221; width=&#8221;1\/4&#8243;][vc_empty_space height=&#8221;50px&#8221;][vc_single_image image=&#8221;8980&#8243; img_size=&#8221;full&#8221; alignment=&#8221;center&#8221; css=&#8221;&#8221; qode_css_animation=&#8221;&#8221;][vc_separator type=&#8221;small&#8221; position=&#8221;center&#8221; color=&#8221;#c2161b&#8221; thickness=&#8221;5&#8243; width=&#8221;80&#8243;][vc_empty_space height=&#8221;20px&#8221;][vc_column_text]Se atente \u00e0s placas de sinaliza\u00e7\u00e3o referentes aos pontos de Embarque e Desembarque para t\u00e1xis credenciados e ve\u00edculos de aplicativo.[\/vc_column_text][\/vc_column_inner][vc_column_inner el_class=&#8221;bloquinho&#8221; width=&#8221;1\/4&#8243;][vc_empty_space height=&#8221;50px&#8221;][vc_single_image image=&#8221;8981&#8243; img_size=&#8221;full&#8221; alignment=&#8221;center&#8221; css=&#8221;&#8221; qode_css_animation=&#8221;&#8221;][vc_separator type=&#8221;small&#8221; position=&#8221;center&#8221; color=&#8221;#c2161b&#8221; thickness=&#8221;5&#8243; width=&#8221;80&#8243;][vc_empty_space height=&#8221;20px&#8221;][vc_column_text]Para sua seguran\u00e7a, utilize somente t\u00e1xis credenciados. N\u00e3o recomendamos o uso de ve\u00edculos que pratiquem valores diferentes do tax\u00edmetro ou aplicativos.[\/vc_column_text][\/vc_column_inner][vc_column_inner el_class=&#8221;bloquinho&#8221; width=&#8221;1\/4&#8243;][vc_empty_space height=&#8221;50px&#8221;][vc_single_image image=&#8221;8982&#8243; img_size=&#8221;full&#8221; alignment=&#8221;center&#8221; css=&#8221;&#8221; qode_css_animation=&#8221;&#8221;][vc_separator type=&#8221;small&#8221; position=&#8221;center&#8221; color=&#8221;#c2161b&#8221; thickness=&#8221;5&#8243; width=&#8221;80&#8243;][vc_empty_space height=&#8221;20px&#8221;][vc_column_text]O servi\u00e7o de limpeza do evento \u00e9 de responsabilidade do organizador, nosso Centro de Eventos disp\u00f5e de lixeiras em todos os espa\u00e7os.[\/vc_column_text][\/vc_column_inner][\/vc_row_inner][vc_empty_space height=&#8221;40px&#8221;][\/vc_column][\/vc_row][vc_row css_animation=&#8221;&#8221; row_type=&#8221;row&#8221; use_row_as_full_screen_section=&#8221;no&#8221; type=&#8221;grid&#8221; angled_section=&#8221;no&#8221; text_align=&#8221;left&#8221; background_image_as_pattern=&#8221;without_pattern&#8221; z_index=&#8221;&#8221;][vc_column][vc_separator type=&#8221;small&#8221; position=&#8221;center&#8221; color=&#8221;#0a0000&#8243; thickness=&#8221;5&#8243; width=&#8221;80&#8243;][vc_empty_space height=&#8221;10px&#8221;][vc_column_text el_class=&#8221;aproveite-titulo&#8221;]<\/p>\n<h2 style=\"text-align: center;\">Aproveite o melhor que o <span style=\"color: #c2161b;\">S\u00e3o Paulo Expo<\/span> tem a oferecer.<\/h2>\n<p>[\/vc_column_text][vc_empty_space height=&#8221;30px&#8221;][\/vc_column][\/vc_row][vc_row css_animation=&#8221;&#8221; row_type=&#8221;row&#8221; use_row_as_full_screen_section=&#8221;no&#8221; type=&#8221;grid&#8221; angled_section=&#8221;no&#8221; text_align=&#8221;left&#8221; background_image_as_pattern=&#8221;without_pattern&#8221; z_index=&#8221;&#8221; background_image=&#8221;6505&#8243;][vc_column][vc_empty_space height=&#8221;50px&#8221;][vc_column_text el_class=&#8221;news-texto&#8221;]<\/p>\n<h4>Quer ficar por dentro de tudo que acontece no<br \/>\ndestino dos principais eventos da Am\u00e9rica Latina?<\/h4>\n<p>Assine nossa newsletter e receba por e-mail as novidades em primeira m\u00e3o.[\/vc_column_text][vc_empty_space height=&#8221;20px&#8221;][vc_single_image image=&#8221;6506&#8243; img_size=&#8221;240&#215;78.4&#8243; alignment=&#8221;center&#8221; onclick=&#8221;custom_link&#8221; qode_css_animation=&#8221;&#8221; link=&#8221;https:\/\/www.saopauloexpo.com.br\/pt\/contato\/newsletter\/&#8221; el_class=&#8221;img-news&#8221;][vc_empty_space height=&#8221;50px&#8221;][\/vc_column][\/vc_row][vc_row css_animation=&#8221;&#8221; row_type=&#8221;row&#8221; use_row_as_full_screen_section=&#8221;no&#8221; type=&#8221;grid&#8221; angled_section=&#8221;no&#8221; text_align=&#8221;left&#8221; background_image_as_pattern=&#8221;without_pattern&#8221; z_index=&#8221;&#8221;][vc_column][vc_empty_space height=&#8221;50px&#8221;][vc_column_text el_class=&#8221;redes-texto&#8221;]<\/p>\n<h4 style=\"text-align: center;\"><strong>Siga tamb\u00e9m nossas redes sociais<\/strong><\/h4>\n<p>[\/vc_column_text][vc_empty_space height=&#8221;20px&#8221;][qode_elements_holder number_of_columns=&#8221;three_columns&#8221; switch_to_one_column=&#8221;never&#8221; custom_class=&#8221;max-width&#8221;][qode_elements_holder_item advanced_animations=&#8221;no&#8221;]<span class='q_social_icon_holder circle_social' data-color=#ffffff ><a itemprop=\"url\" href=\"https:\/\/www.facebook.com\/SaoPauloExpo?locale=pt_BR\" target=\"_blank\" rel=\"noopener\"><span class='fa-stack fa-2x' style='background-color: #bf0d15;'><i class=\"qode_icon_font_awesome fa fa-facebook-f \" style=\"color: #ffffff;\" ><\/i><\/span><\/a><\/span>[\/qode_elements_holder_item][qode_elements_holder_item advanced_animations=&#8221;no&#8221;]<span class='q_social_icon_holder circle_social' data-color=#ffffff ><a itemprop=\"url\" href=\"https:\/\/www.instagram.com\/saopauloexpo\/\" target=\"_blank\" rel=\"noopener\"><span class='fa-stack fa-2x' style='background-color: #bf0d15;'><i class=\"qode_icon_font_awesome fa fa-instagram \" style=\"color: #ffffff;\" ><\/i><\/span><\/a><\/span>[\/qode_elements_holder_item][qode_elements_holder_item advanced_animations=&#8221;no&#8221;]<span class='q_social_icon_holder circle_social' data-color=#ffffff ><a itemprop=\"url\" href=\"https:\/\/www.youtube.com\/user\/SaoPauloExpo\" target=\"_blank\" rel=\"noopener\"><span class='fa-stack fa-2x' style='background-color: #bf0d15;'><i class=\"qode_icon_font_awesome fa fa-youtube-play \" style=\"color: #ffffff;\" ><\/i><\/span><\/a><\/span>[\/qode_elements_holder_item][\/qode_elements_holder][vc_empty_space height=&#8221;50px&#8221;][\/vc_column][\/vc_row]<\/p>\n<\/div>","protected":false},"excerpt":{"rendered":"<p>[vc_row css_animation=&#8221;&#8221; row_type=&#8221;row&#8221; use_row_as_full_screen_section=&#8221;no&#8221; type=&#8221;grid&#8221; angled_section=&#8221;no&#8221; text_align=&#8221;left&#8221; background_image_as_pattern=&#8221;without_pattern&#8221; background_image=&#8221;6521&#8243; z_index=&#8221;&#8221; el_class=&#8221;titulo-area&#8221;][vc_column width=&#8221;1\/6&#8243;][\/vc_column][vc_column width=&#8221;2\/3&#8243;][vc_empty_space height=&#8221;129px&#8221;][vc_column_text] Dicas e recomenda\u00e7\u00f5es importantes para nossos visitantes [\/vc_column_text][vc_separator type=&#8221;normal&#8221; color=&#8221;#ffffff&#8221; up=&#8221;30&#8243; down=&#8221;30&#8243; el_class=&#8221;divisor-preto-curto&#8221; thickness=&#8221;3&#8243;][vc_column_text el_class=&#8221;texto-topo-padrao&#8221;] Esperamos que sua experi\u00eancia no S\u00e3o Paulo Expo seja a melhor poss\u00edvel, por isso separamos algumas&#8230;<\/p>\n","protected":false},"author":1,"featured_media":0,"parent":0,"menu_order":0,"comment_status":"closed","ping_status":"closed","template":"full_width.php","meta":{"footnotes":""},"class_list":["post-1737","page","type-page","status-publish","hentry"],"_links":{"self":[{"href":"https:\/\/www.saopauloexpo.com.br\/pt\/wp-json\/wp\/v2\/pages\/1737","targetHints":{"allow":["GET"]}}],"collection":[{"href":"https:\/\/www.saopauloexpo.com.br\/pt\/wp-json\/wp\/v2\/pages"}],"about":[{"href":"https:\/\/www.saopauloexpo.com.br\/pt\/wp-json\/wp\/v2\/types\/page"}],"author":[{"embeddable":true,"href":"https:\/\/www.saopauloexpo.com.br\/pt\/wp-json\/wp\/v2\/users\/1"}],"replies":[{"embeddable":true,"href":"https:\/\/www.saopauloexpo.com.br\/pt\/wp-json\/wp\/v2\/comments?post=1737"}],"version-history":[{"count":26,"href":"https:\/\/www.saopauloexpo.com.br\/pt\/wp-json\/wp\/v2\/pages\/1737\/revisions"}],"predecessor-version":[{"id":8989,"href":"https:\/\/www.saopauloexpo.com.br\/pt\/wp-json\/wp\/v2\/pages\/1737\/revisions\/8989"}],"wp:attachment":[{"href":"https:\/\/www.saopauloexpo.com.br\/pt\/wp-json\/wp\/v2\/media?parent=1737"}],"curies":[{"name":"wp","href":"https:\/\/api.w.org\/{rel}","templated":true}]}}