{"id":5919,"date":"2025-04-10T16:59:44","date_gmt":"2025-04-10T19:59:44","guid":{"rendered":"https:\/\/www.saopauloexpo.com.br\/en\/?page_id=5919"},"modified":"2025-04-14T11:05:50","modified_gmt":"2025-04-14T14:05:50","slug":"location","status":"publish","type":"page","link":"https:\/\/www.saopauloexpo.com.br\/en\/location\/","title":{"rendered":"Location"},"content":{"rendered":"\t\t<div data-elementor-type=\"wp-page\" data-elementor-id=\"5919\" class=\"elementor elementor-5919\">\n\t\t\t\t<div class=\"elementor-element elementor-element-84e9137 e-grid e-con-boxed parallax_section_no qode_elementor_container_no e-con e-parent\" data-id=\"84e9137\" data-element_type=\"container\" data-e-type=\"container\" data-settings=\"{&quot;background_background&quot;:&quot;classic&quot;}\">\n\t\t\t\t\t<div class=\"e-con-inner\">\n\t\t\t\t<div class=\"elementor-element elementor-element-3dce942 elementor-widget elementor-widget-heading\" data-id=\"3dce942\" data-element_type=\"widget\" data-e-type=\"widget\" data-widget_type=\"heading.default\">\n\t\t\t\t<div class=\"elementor-widget-container\">\n\t\t\t\t\t<h2 class=\"elementor-heading-title elementor-size-default\">LOCATION<\/h2>\t\t\t\t<\/div>\n\t\t\t\t<\/div>\n\t\t\t\t<div class=\"elementor-element elementor-element-db744b7 elementor-widget-divider--view-line elementor-widget elementor-widget-divider\" data-id=\"db744b7\" data-element_type=\"widget\" data-e-type=\"widget\" data-widget_type=\"divider.default\">\n\t\t\t\t<div class=\"elementor-widget-container\">\n\t\t\t\t\t\t\t<div class=\"elementor-divider\">\n\t\t\t<span class=\"elementor-divider-separator\">\n\t\t\t\t\t\t<\/span>\n\t\t<\/div>\n\t\t\t\t\t\t<\/div>\n\t\t\t\t<\/div>\n\t\t\t\t<div class=\"elementor-element elementor-element-0110f94 elementor-widget-mobile__width-initial elementor-widget elementor-widget-text-editor\" data-id=\"0110f94\" data-element_type=\"widget\" data-e-type=\"widget\" data-widget_type=\"text-editor.default\">\n\t\t\t\t<div class=\"elementor-widget-container\">\n\t\t\t\t\t\t\t\t\tRodovia dos Imigrantes, km 1,5 \u2013 Vila \u00c1gua Funda \t\t\t\t\t\t\t\t<\/div>\n\t\t\t\t<\/div>\n\t\t\t\t\t<\/div>\n\t\t\t\t<\/div>\n\t\t<div class=\"elementor-element elementor-element-132d2d1 e-grid e-con-boxed parallax_section_no qode_elementor_container_no e-con e-parent\" data-id=\"132d2d1\" data-element_type=\"container\" data-e-type=\"container\">\n\t\t\t\t\t<div class=\"e-con-inner\">\n\t\t\t\t<div class=\"elementor-element elementor-element-25f2b97 elementor-widget-mobile__width-initial elementor-widget elementor-widget-heading\" data-id=\"25f2b97\" data-element_type=\"widget\" data-e-type=\"widget\" data-widget_type=\"heading.default\">\n\t\t\t\t<div class=\"elementor-widget-container\">\n\t\t\t\t\t<h2 class=\"elementor-heading-title elementor-size-default\">FIND OUT HOW TO GET TO S\u00c3O PAULO EXPO<\/h2>\t\t\t\t<\/div>\n\t\t\t\t<\/div>\n\t\t\t\t<div class=\"elementor-element elementor-element-a40e312 elementor-widget-divider--view-line elementor-widget elementor-widget-divider\" data-id=\"a40e312\" data-element_type=\"widget\" data-e-type=\"widget\" data-widget_type=\"divider.default\">\n\t\t\t\t<div class=\"elementor-widget-container\">\n\t\t\t\t\t\t\t<div class=\"elementor-divider\">\n\t\t\t<span class=\"elementor-divider-separator\">\n\t\t\t\t\t\t<\/span>\n\t\t<\/div>\n\t\t\t\t\t\t<\/div>\n\t\t\t\t<\/div>\n\t\t\t\t<div class=\"elementor-element elementor-element-2c83695 elementor-widget__width-initial elementor-widget elementor-widget-text-editor\" data-id=\"2c83695\" data-element_type=\"widget\" data-e-type=\"widget\" data-widget_type=\"text-editor.default\">\n\t\t\t\t<div class=\"elementor-widget-container\">\n\t\t\t\t\t\t\t\t\tS\u00e3o Paulo Expo is privileged located, which makes it easy for visitors and participants to get to the place, whether by subway, bus, bike, taxi or car.\t\t\t\t\t\t\t\t<\/div>\n\t\t\t\t<\/div>\n\t\t\t\t\t<\/div>\n\t\t\t\t<\/div>\n\t\t<div class=\"elementor-element elementor-element-6ec0035d e-grid e-con-full parallax_section_no qode_elementor_container_no e-con e-parent\" data-id=\"6ec0035d\" data-element_type=\"container\" data-e-type=\"container\" data-settings=\"{&quot;background_background&quot;:&quot;classic&quot;}\">\n\t\t<div class=\"elementor-element elementor-element-37e6b28d e-grid e-con-boxed parallax_section_no qode_elementor_container_no e-con e-child\" data-id=\"37e6b28d\" data-element_type=\"container\" data-e-type=\"container\">\n\t\t\t\t\t<div class=\"e-con-inner\">\n\t\t\t\t<div class=\"elementor-element elementor-element-417e4dd7 elementor-hidden-mobile elementor-widget elementor-widget-image\" data-id=\"417e4dd7\" data-element_type=\"widget\" data-e-type=\"widget\" data-widget_type=\"image.default\">\n\t\t\t\t<div class=\"elementor-widget-container\">\n\t\t\t\t\t\t\t\t\t\t\t\t\t\t\t\t<a href=\"https:\/\/www.saopauloexpo.com.br\/en\/parking-lot\/\">\n\t\t\t\t\t\t\t<img fetchpriority=\"high\" decoding=\"async\" width=\"1025\" height=\"2398\" src=\"https:\/\/www.saopauloexpo.com.br\/en\/wp-content\/uploads\/2025\/04\/Transportation-alternatives-to-get-to-Sao-Paulo-Expo.png\" class=\"attachment-full size-full wp-image-5961\" alt=\"SUBWAY The closest station is Jabaquara (Line 1 \u2013 Blue). Getting there:: &gt; Take bus 605A-10 Centro Paral\u00edmpico, on platform A of the EMTU Terminal. &gt; Or request a taxi or ride-hailing car. &gt; Or walk 900m to S\u00e3o Paulo Expo. BUS Take Line 605A -10 Centro Paral\u00edmpico, which departs from platform A of the EMTU Terminal at Jabaquara station. TAXI AND APPS Look for official boarding and disembarking points at S\u00e3o Paulo Expo. Request your ride only through reliable apps or use licensed marked taxis. For your safety, decline any unsolicited offers of unlicensed transportation in the S\u00e3o Paulo Expo area. TRANSFERS Some events offer free transfers or alternative parking. Find out more on the event&#039;s website or official social media. CARS AND MOTORCYCLES We have one of the largest covered parking lots in Brazil, with direct access to the pavilion. There are over 6,500 parking spaces available for private vehicles, operated by Indigo, a world leader in the segment. Learn more about our parking options. There are also other licensed parking lots around S\u00e3o Paulo Expo. For your safety, avoid parking on the street and help reduce traffic in the area. BICYCLES You can also bring your bike on the subway and cycle from Jabaquara station to S\u00e3o Paulo Expo. We offer free bike parking on site, with 430 spaces. ATTENTION: You must bring a padlock to secure the bikes to the bases (S\u00e3o Paulo Expo is not responsible for bicycles).\" srcset=\"https:\/\/www.saopauloexpo.com.br\/en\/wp-content\/uploads\/2025\/04\/Transportation-alternatives-to-get-to-Sao-Paulo-Expo.png 1025w, https:\/\/www.saopauloexpo.com.br\/en\/wp-content\/uploads\/2025\/04\/Transportation-alternatives-to-get-to-Sao-Paulo-Expo-128x300.png 128w, https:\/\/www.saopauloexpo.com.br\/en\/wp-content\/uploads\/2025\/04\/Transportation-alternatives-to-get-to-Sao-Paulo-Expo-438x1024.png 438w, https:\/\/www.saopauloexpo.com.br\/en\/wp-content\/uploads\/2025\/04\/Transportation-alternatives-to-get-to-Sao-Paulo-Expo-64x150.png 64w, https:\/\/www.saopauloexpo.com.br\/en\/wp-content\/uploads\/2025\/04\/Transportation-alternatives-to-get-to-Sao-Paulo-Expo-768x1797.png 768w, https:\/\/www.saopauloexpo.com.br\/en\/wp-content\/uploads\/2025\/04\/Transportation-alternatives-to-get-to-Sao-Paulo-Expo-657x1536.png 657w, https:\/\/www.saopauloexpo.com.br\/en\/wp-content\/uploads\/2025\/04\/Transportation-alternatives-to-get-to-Sao-Paulo-Expo-875x2048.png 875w, https:\/\/www.saopauloexpo.com.br\/en\/wp-content\/uploads\/2025\/04\/Transportation-alternatives-to-get-to-Sao-Paulo-Expo-700x1638.png 700w\" sizes=\"(max-width: 1025px) 100vw, 1025px\" \/>\t\t\t\t\t\t\t\t<\/a>\n\t\t\t\t\t\t\t\t\t\t\t\t\t\t\t<\/div>\n\t\t\t\t<\/div>\n\t\t\t\t<div class=\"elementor-element elementor-element-22589e2 elementor-hidden-desktop elementor-hidden-tablet elementor-widget elementor-widget-image\" data-id=\"22589e2\" data-element_type=\"widget\" data-e-type=\"widget\" data-widget_type=\"image.default\">\n\t\t\t\t<div class=\"elementor-widget-container\">\n\t\t\t\t\t\t\t\t\t\t\t\t\t\t\t\t<a href=\"https:\/\/www.saopauloexpo.com.br\/en\/parking-lot\/\">\n\t\t\t\t\t\t\t<img decoding=\"async\" width=\"885\" height=\"3420\" src=\"https:\/\/www.saopauloexpo.com.br\/en\/wp-content\/uploads\/2025\/04\/Transportation-alternatives-to-get-to-Sao-Paulo-Expo-mobile.png\" class=\"attachment-full size-full wp-image-5962\" alt=\"SUBWAY The closest station is Jabaquara (Line 1 \u2013 Blue). Getting there:: &gt; Take bus 605A-10 Centro Paral\u00edmpico, on platform A of the EMTU Terminal. &gt; Or request a taxi or ride-hailing car. &gt; Or walk 900m to S\u00e3o Paulo Expo. BUS Take Line 605A -10 Centro Paral\u00edmpico, which departs from platform A of the EMTU Terminal at Jabaquara station. TAXI AND APPS Look for official boarding and disembarking points at S\u00e3o Paulo Expo. Request your ride only through reliable apps or use licensed marked taxis. For your safety, decline any unsolicited offers of unlicensed transportation in the S\u00e3o Paulo Expo area. TRANSFERS Some events offer free transfers or alternative parking. Find out more on the event&#039;s website or official social media. CARS AND MOTORCYCLES We have one of the largest covered parking lots in Brazil, with direct access to the pavilion. There are over 6,500 parking spaces available for private vehicles, operated by Indigo, a world leader in the segment. Learn more about our parking options. There are also other licensed parking lots around S\u00e3o Paulo Expo. For your safety, avoid parking on the street and help reduce traffic in the area. BICYCLES You can also bring your bike on the subway and cycle from Jabaquara station to S\u00e3o Paulo Expo. We offer free bike parking on site, with 430 spaces. ATTENTION: You must bring a padlock to secure the bikes to the bases (S\u00e3o Paulo Expo is not responsible for bicycles).\" srcset=\"https:\/\/www.saopauloexpo.com.br\/en\/wp-content\/uploads\/2025\/04\/Transportation-alternatives-to-get-to-Sao-Paulo-Expo-mobile.png 885w, https:\/\/www.saopauloexpo.com.br\/en\/wp-content\/uploads\/2025\/04\/Transportation-alternatives-to-get-to-Sao-Paulo-Expo-mobile-78x300.png 78w, https:\/\/www.saopauloexpo.com.br\/en\/wp-content\/uploads\/2025\/04\/Transportation-alternatives-to-get-to-Sao-Paulo-Expo-mobile-265x1024.png 265w, https:\/\/www.saopauloexpo.com.br\/en\/wp-content\/uploads\/2025\/04\/Transportation-alternatives-to-get-to-Sao-Paulo-Expo-mobile-39x150.png 39w, https:\/\/www.saopauloexpo.com.br\/en\/wp-content\/uploads\/2025\/04\/Transportation-alternatives-to-get-to-Sao-Paulo-Expo-mobile-768x2968.png 768w, https:\/\/www.saopauloexpo.com.br\/en\/wp-content\/uploads\/2025\/04\/Transportation-alternatives-to-get-to-Sao-Paulo-Expo-mobile-530x2048.png 530w, https:\/\/www.saopauloexpo.com.br\/en\/wp-content\/uploads\/2025\/04\/Transportation-alternatives-to-get-to-Sao-Paulo-Expo-mobile-700x2705.png 700w\" sizes=\"(max-width: 885px) 100vw, 885px\" \/>\t\t\t\t\t\t\t\t<\/a>\n\t\t\t\t\t\t\t\t\t\t\t\t\t\t\t<\/div>\n\t\t\t\t<\/div>\n\t\t\t\t\t<\/div>\n\t\t\t\t<\/div>\n\t\t\t\t<\/div>\n\t\t<div class=\"elementor-element elementor-element-6993555f e-con-full e-flex parallax_section_no qode_elementor_container_no e-con e-parent\" data-id=\"6993555f\" data-element_type=\"container\" data-e-type=\"container\" data-settings=\"{&quot;background_background&quot;:&quot;classic&quot;}\">\n\t\t\t\t<div class=\"elementor-element elementor-element-17d8e665 elementor-widget__width-inherit elementor-widget elementor-widget-html\" data-id=\"17d8e665\" data-element_type=\"widget\" data-e-type=\"widget\" data-widget_type=\"html.default\">\n\t\t\t\t<div class=\"elementor-widget-container\">\n\t\t\t\t\t    <iframe name=\"mapframe\" width=\"100%\" height=\"400\" \n            src=\"https:\/\/www.google.com\/maps\/embed?pb=!1m18!1m12!1m3!1d3654.9035089609965!2d-46.63179158439833!3d-23.643626384642065!2m3!1f0!2f0!3f0!3m2!1i1024!2i768!4f13.1!3m3!1m2!1s0x94ce5adda4c3cb95%3A0x31916ce58f719167!2sS%C3%A3o+Paulo+Expo!5e0!3m2!1spt-BR!2sbr!4v1517317223120\" width=\"100%\" height=\"400\" frameborder=\"0\" style=\"border:0\" allowfullscreen\">\n    <\/iframe>\t\t\t\t<\/div>\n\t\t\t\t<\/div>\n\t\t\t\t<\/div>\n\t\t<div class=\"elementor-element elementor-element-0723b21 e-grid e-con-boxed parallax_section_no qode_elementor_container_no e-con e-parent\" data-id=\"0723b21\" data-element_type=\"container\" data-e-type=\"container\" data-settings=\"{&quot;background_background&quot;:&quot;classic&quot;}\">\n\t\t\t\t\t<div class=\"e-con-inner\">\n\t\t\t\t<div class=\"elementor-element elementor-element-7fd9e728 elementor-widget__width-initial elementor-widget-mobile__width-inherit elementor-widget elementor-widget-html\" data-id=\"7fd9e728\" data-element_type=\"widget\" data-e-type=\"widget\" data-widget_type=\"html.default\">\n\t\t\t\t<div class=\"elementor-widget-container\">\n\t\t\t\t\t <form method=\"get\" action=\"https:\/\/www.google.com\/maps\" target=\"mapframe\">\n            <div class=\"label-trajeto-loc\"><h4 style=\"line-height: 1.4em;font-size: 20px;margin-left: 45px;\">PLAN YOUR ROUTE<\/h4><\/div><input name=\"saddr\" type=\"text\" id=\"saddr\" placeholder=\"Enter your starting location\">\n            <input name=\"output\" type=\"hidden\" value=\"embed\">\n            <input name=\"f\" type=\"hidden\" value=\"d\">\n            <!-- <input name=\"z\" type=\"hidden\" value=\"15\"> -->\n            <input name=\"daddr\" type=\"hidden\" id=\"daddr\" \n                   value=\"S\u00e3o Paulo Expo, S\u00e3o Paulo, SP\">\n            <input type=\"submit\" name=\"Submit\" value=\"\">\n    <\/form>\n    \t\t\t\t<\/div>\n\t\t\t\t<\/div>\n\t\t\t\t\t<\/div>\n\t\t\t\t<\/div>\n\t\t<div class=\"elementor-element elementor-element-107cce7 e-con-full e-flex parallax_section_no qode_elementor_container_no e-con e-parent\" data-id=\"107cce7\" data-element_type=\"container\" data-e-type=\"container\" data-settings=\"{&quot;background_background&quot;:&quot;classic&quot;}\">\n\t\t<div class=\"elementor-element elementor-element-6085cb1 e-con-full e-flex parallax_section_no qode_elementor_container_no e-con e-child\" data-id=\"6085cb1\" data-element_type=\"container\" data-e-type=\"container\">\n\t\t\t\t<div class=\"elementor-element elementor-element-524fbd5 elementor-widget elementor-widget-heading\" data-id=\"524fbd5\" data-element_type=\"widget\" data-e-type=\"widget\" data-widget_type=\"heading.default\">\n\t\t\t\t<div class=\"elementor-widget-container\">\n\t\t\t\t\t<h3 class=\"elementor-heading-title elementor-size-default\">VISITORS TO S\u00c3O PAULO EXPO ENJOY SEVERAL CONVENIENCES<\/h3>\t\t\t\t<\/div>\n\t\t\t\t<\/div>\n\t\t\t\t<div class=\"elementor-element elementor-element-fcaef3c elementor-widget-divider--view-line elementor-widget elementor-widget-divider\" data-id=\"fcaef3c\" data-element_type=\"widget\" data-e-type=\"widget\" data-widget_type=\"divider.default\">\n\t\t\t\t<div class=\"elementor-widget-container\">\n\t\t\t\t\t\t\t<div class=\"elementor-divider\">\n\t\t\t<span class=\"elementor-divider-separator\">\n\t\t\t\t\t\t<\/span>\n\t\t<\/div>\n\t\t\t\t\t\t<\/div>\n\t\t\t\t<\/div>\n\t\t\t\t<\/div>\n\t\t<div class=\"elementor-element elementor-element-3d9ee49 e-grid e-con-boxed parallax_section_no qode_elementor_container_no e-con e-child\" data-id=\"3d9ee49\" data-element_type=\"container\" data-e-type=\"container\">\n\t\t\t\t\t<div class=\"e-con-inner\">\n\t\t\t\t<div class=\"elementor-element elementor-element-51f22da elementor-position-top elementor-widget elementor-widget-image-box\" data-id=\"51f22da\" data-element_type=\"widget\" data-e-type=\"widget\" data-widget_type=\"image-box.default\">\n\t\t\t\t<div class=\"elementor-widget-container\">\n\t\t\t\t\t<div class=\"elementor-image-box-wrapper\"><figure class=\"elementor-image-box-img\"><img decoding=\"async\" width=\"76\" height=\"76\" src=\"https:\/\/www.saopauloexpo.com.br\/en\/wp-content\/uploads\/2025\/04\/icon_baixo_1.png\" class=\"attachment-full size-full wp-image-5936\" alt=\"\" \/><\/figure><div class=\"elementor-image-box-content\"><p class=\"elementor-image-box-description\">10 minutes from<br>Rodoanel M\u00e1rio Covas<\/p><\/div><\/div>\t\t\t\t<\/div>\n\t\t\t\t<\/div>\n\t\t\t\t<div class=\"elementor-element elementor-element-618b551 elementor-position-top elementor-widget elementor-widget-image-box\" data-id=\"618b551\" data-element_type=\"widget\" data-e-type=\"widget\" data-widget_type=\"image-box.default\">\n\t\t\t\t<div class=\"elementor-widget-container\">\n\t\t\t\t\t<div class=\"elementor-image-box-wrapper\"><figure class=\"elementor-image-box-img\"><img loading=\"lazy\" decoding=\"async\" width=\"76\" height=\"76\" src=\"https:\/\/www.saopauloexpo.com.br\/en\/wp-content\/uploads\/2025\/04\/icon_baixo_2.png\" class=\"attachment-full size-full wp-image-5937\" alt=\"\" \/><\/figure><div class=\"elementor-image-box-content\"><p class=\"elementor-image-box-description\">Outside the municipal vehicle restriction zone (rod\u00edzio)<\/p><\/div><\/div>\t\t\t\t<\/div>\n\t\t\t\t<\/div>\n\t\t\t\t<div class=\"elementor-element elementor-element-6fc0d8f elementor-position-top elementor-widget elementor-widget-image-box\" data-id=\"6fc0d8f\" data-element_type=\"widget\" data-e-type=\"widget\" data-widget_type=\"image-box.default\">\n\t\t\t\t<div class=\"elementor-widget-container\">\n\t\t\t\t\t<div class=\"elementor-image-box-wrapper\"><figure class=\"elementor-image-box-img\"><img loading=\"lazy\" decoding=\"async\" width=\"76\" height=\"76\" src=\"https:\/\/www.saopauloexpo.com.br\/en\/wp-content\/uploads\/2025\/04\/icon_baixo_3.png\" class=\"attachment-full size-full wp-image-5938\" alt=\"\" \/><\/figure><div class=\"elementor-image-box-content\"><p class=\"elementor-image-box-description\">900m from Jabaquara<br> subway station<\/p><\/div><\/div>\t\t\t\t<\/div>\n\t\t\t\t<\/div>\n\t\t\t\t<div class=\"elementor-element elementor-element-ae38f5f elementor-position-top elementor-widget elementor-widget-image-box\" data-id=\"ae38f5f\" data-element_type=\"widget\" data-e-type=\"widget\" data-widget_type=\"image-box.default\">\n\t\t\t\t<div class=\"elementor-widget-container\">\n\t\t\t\t\t<div class=\"elementor-image-box-wrapper\"><figure class=\"elementor-image-box-img\"><img loading=\"lazy\" decoding=\"async\" width=\"76\" height=\"76\" src=\"https:\/\/www.saopauloexpo.com.br\/en\/wp-content\/uploads\/2025\/04\/icon_baixo_4.png\" class=\"attachment-full size-full wp-image-5939\" alt=\"\" \/><\/figure><div class=\"elementor-image-box-content\"><p class=\"elementor-image-box-description\">Easy access from<br>Santos-Imigrantes <br>subway station <\/p><\/div><\/div>\t\t\t\t<\/div>\n\t\t\t\t<\/div>\n\t\t\t\t<div class=\"elementor-element elementor-element-85c288d elementor-position-top elementor-widget elementor-widget-image-box\" data-id=\"85c288d\" data-element_type=\"widget\" data-e-type=\"widget\" data-widget_type=\"image-box.default\">\n\t\t\t\t<div class=\"elementor-widget-container\">\n\t\t\t\t\t<div class=\"elementor-image-box-wrapper\"><figure class=\"elementor-image-box-img\"><img loading=\"lazy\" decoding=\"async\" width=\"76\" height=\"76\" src=\"https:\/\/www.saopauloexpo.com.br\/en\/wp-content\/uploads\/2025\/04\/icon_baixo_5.png\" class=\"attachment-full size-full wp-image-5940\" alt=\"\" \/><\/figure><div class=\"elementor-image-box-content\"><p class=\"elementor-image-box-description\">Accredited taxis for<br> greater comfort and safety<\/p><\/div><\/div>\t\t\t\t<\/div>\n\t\t\t\t<\/div>\n\t\t\t\t<div class=\"elementor-element elementor-element-38f204c elementor-position-top elementor-widget elementor-widget-image-box\" data-id=\"38f204c\" data-element_type=\"widget\" data-e-type=\"widget\" data-widget_type=\"image-box.default\">\n\t\t\t\t<div class=\"elementor-widget-container\">\n\t\t\t\t\t<div class=\"elementor-image-box-wrapper\"><figure class=\"elementor-image-box-img\"><img loading=\"lazy\" decoding=\"async\" width=\"76\" height=\"76\" src=\"https:\/\/www.saopauloexpo.com.br\/en\/wp-content\/uploads\/2025\/04\/icon_baixo_6.png\" class=\"attachment-full size-full wp-image-5941\" alt=\"\" \/><\/figure><div class=\"elementor-image-box-content\"><p class=\"elementor-image-box-description\">10 minutes from<br> Congonhas Airport<\/p><\/div><\/div>\t\t\t\t<\/div>\n\t\t\t\t<\/div>\n\t\t\t\t<div class=\"elementor-element elementor-element-86741c4 elementor-position-top elementor-widget elementor-widget-image-box\" data-id=\"86741c4\" data-element_type=\"widget\" data-e-type=\"widget\" data-widget_type=\"image-box.default\">\n\t\t\t\t<div class=\"elementor-widget-container\">\n\t\t\t\t\t<div class=\"elementor-image-box-wrapper\"><figure class=\"elementor-image-box-img\"><img loading=\"lazy\" decoding=\"async\" width=\"76\" height=\"76\" src=\"https:\/\/www.saopauloexpo.com.br\/en\/wp-content\/uploads\/2025\/04\/icon_baixo_7.png\" class=\"attachment-full size-full wp-image-5942\" alt=\"\" \/><\/figure><div class=\"elementor-image-box-content\"><p class=\"elementor-image-box-description\">Quick access to major<br> hotels in the area<\/p><\/div><\/div>\t\t\t\t<\/div>\n\t\t\t\t<\/div>\n\t\t\t\t<div class=\"elementor-element elementor-element-81d7828 elementor-position-top elementor-widget elementor-widget-image-box\" data-id=\"81d7828\" data-element_type=\"widget\" data-e-type=\"widget\" data-widget_type=\"image-box.default\">\n\t\t\t\t<div class=\"elementor-widget-container\">\n\t\t\t\t\t<div class=\"elementor-image-box-wrapper\"><figure class=\"elementor-image-box-img\"><img loading=\"lazy\" decoding=\"async\" width=\"76\" height=\"76\" src=\"https:\/\/www.saopauloexpo.com.br\/en\/wp-content\/uploads\/2025\/04\/icon_baixo_8.png\" class=\"attachment-full size-full wp-image-5943\" alt=\"\" \/><\/figure><div class=\"elementor-image-box-content\"><p class=\"elementor-image-box-description\">A variety of dining<br> options nearby<\/p><\/div><\/div>\t\t\t\t<\/div>\n\t\t\t\t<\/div>\n\t\t\t\t\t<\/div>\n\t\t\t\t<\/div>\n\t\t\t\t<\/div>\n\t\t\t\t<\/div>\n\t\t","protected":false},"excerpt":{"rendered":"<p>LOCATION Rodovia dos Imigrantes, km 1,5 \u2013 Vila \u00c1gua Funda FIND OUT HOW TO GET TO S\u00c3O PAULO EXPO S\u00e3o Paulo Expo is privileged located, which makes it easy for visitors and participants to get to the place, whether by subway, bus, bike, taxi or&#8230;<\/p>\n","protected":false},"author":5,"featured_media":0,"parent":0,"menu_order":0,"comment_status":"closed","ping_status":"closed","template":"full_width.php","meta":{"footnotes":""},"class_list":["post-5919","page","type-page","status-publish","hentry"],"_links":{"self":[{"href":"https:\/\/www.saopauloexpo.com.br\/en\/wp-json\/wp\/v2\/pages\/5919","targetHints":{"allow":["GET"]}}],"collection":[{"href":"https:\/\/www.saopauloexpo.com.br\/en\/wp-json\/wp\/v2\/pages"}],"about":[{"href":"https:\/\/www.saopauloexpo.com.br\/en\/wp-json\/wp\/v2\/types\/page"}],"author":[{"embeddable":true,"href":"https:\/\/www.saopauloexpo.com.br\/en\/wp-json\/wp\/v2\/users\/5"}],"replies":[{"embeddable":true,"href":"https:\/\/www.saopauloexpo.com.br\/en\/wp-json\/wp\/v2\/comments?post=5919"}],"version-history":[{"count":56,"href":"https:\/\/www.saopauloexpo.com.br\/en\/wp-json\/wp\/v2\/pages\/5919\/revisions"}],"predecessor-version":[{"id":6031,"href":"https:\/\/www.saopauloexpo.com.br\/en\/wp-json\/wp\/v2\/pages\/5919\/revisions\/6031"}],"wp:attachment":[{"href":"https:\/\/www.saopauloexpo.com.br\/en\/wp-json\/wp\/v2\/media?parent=5919"}],"curies":[{"name":"wp","href":"https:\/\/api.w.org\/{rel}","templated":true}]}}